{"id":2252,"date":"2023-11-23T12:16:09","date_gmt":"2023-11-23T10:16:09","guid":{"rendered":"https:\/\/delpeixalplat.com\/politica-de-privacitat\/"},"modified":"2023-12-18T18:37:40","modified_gmt":"2023-12-18T16:37:40","slug":"politica-de-privacitat","status":"publish","type":"page","link":"https:\/\/delpeixalplat.com\/ca\/politica-de-privacitat\/","title":{"rendered":"Pol\u00edtica de privacitat"},"content":{"rendered":"\t\t<div data-elementor-type=\"wp-page\" data-elementor-id=\"2252\" class=\"elementor elementor-2252 elementor-1417\">\n\t\t\t\t\t\t<section class=\"elementor-section elementor-top-section elementor-element elementor-element-527bffb wrapper-smaller elementor-section-boxed elementor-section-height-default elementor-section-height-default\" data-id=\"527bffb\" data-element_type=\"section\">\n\t\t\t\t\t\t<div class=\"elementor-container elementor-column-gap-default\">\n\t\t\t\t\t<div class=\"elementor-column elementor-col-100 elementor-top-column elementor-element elementor-element-3cb297b\" data-id=\"3cb297b\" data-element_type=\"column\">\n\t\t\t<div class=\"elementor-widget-wrap elementor-element-populated\">\n\t\t\t\t\t\t<div class=\"elementor-element elementor-element-b3ea360 elementor-widget elementor-widget-text-editor\" data-id=\"b3ea360\" data-element_type=\"widget\" data-widget_type=\"text-editor.default\">\n\t\t\t\t<div class=\"elementor-widget-container\">\n\t\t\t\t\t\t\t<p>A l&#8217;efecte del que es preveu en el Reglament (UE) 2016\/679 de 27 d&#8217;abril de 2016 Anna Bozzano amb NIF X1711124Q informa l&#8217;Usuari que les seves dades de car\u00e0cter personal seran tractats amb la finalitat de prestar-li els serveis sol\u00b7licitats i enviar-li la informaci\u00f3 sobre la nostra empresa que pugui ser del seu inter\u00e8s.<\/p>\n\t\t\t\t\t\t<\/div>\n\t\t\t\t<\/div>\n\t\t\t\t<div class=\"elementor-element elementor-element-74b811f elementor-widget elementor-widget-text-editor\" data-id=\"74b811f\" data-element_type=\"widget\" data-widget_type=\"text-editor.default\">\n\t\t\t\t<div class=\"elementor-widget-container\">\n\t\t\t\t\t\t\t<p><strong>ENVIAMENT I REGISTRE DE DADES DE CAR\u00c0CTER PERSONAL<\/strong><\/p>\n\t\t\t\t\t\t<\/div>\n\t\t\t\t<\/div>\n\t\t\t\t<div class=\"elementor-element elementor-element-8df981f elementor-widget elementor-widget-text-editor\" data-id=\"8df981f\" data-element_type=\"widget\" data-widget_type=\"text-editor.default\">\n\t\t\t\t<div class=\"elementor-widget-container\">\n\t\t\t\t\t\t\t<p>L&#8217;enviament de dades de car\u00e0cter personal \u00e9s obligatori per a contactar i rebre informaci\u00f3 sobre els serveis prestats per Anna Bozzano. Aix\u00ed mateix, no facilitar les dades personals sol\u00b7licitades o no acceptar la present pol\u00edtica de protecci\u00f3 de dades suposa la impossibilitat de subscriure&#8217;s, registrar-se o rebre informaci\u00f3 d&#8217;aquests serveis.<\/p>\n\t\t\t\t\t\t<\/div>\n\t\t\t\t<\/div>\n\t\t\t\t<div class=\"elementor-element elementor-element-8d2ef47 elementor-widget elementor-widget-text-editor\" data-id=\"8d2ef47\" data-element_type=\"widget\" data-widget_type=\"text-editor.default\">\n\t\t\t\t<div class=\"elementor-widget-container\">\n\t\t\t\t\t\t\t<p>Quan les dades de car\u00e0cter personal siguin obtinguts de l&#8217;Usuari a trav\u00e9s de xarxes de comunicacions electr\u00f2niques o en el marc de la prestaci\u00f3 d&#8217;un servei de la societat de la informaci\u00f3, aix\u00ed com en aquells altres suposats expressament establerts per la llei o quan aix\u00ed ho autoritzi l&#8217;Ag\u00e8ncia Espanyola de Protecci\u00f3 de Dades, el responsable del tractament podr\u00e0 donar compliment al deure d&#8217;informaci\u00f3 establert en l&#8217;article 13 del Reglament (UE) 2016\/679 facilitant a l&#8217;afectat almenys la seg\u00fcent informaci\u00f3 b\u00e0sica:<\/p>\n\t\t\t\t\t\t<\/div>\n\t\t\t\t<\/div>\n\t\t\t\t<div class=\"elementor-element elementor-element-3e3d80d elementor-widget elementor-widget-text-editor\" data-id=\"3e3d80d\" data-element_type=\"widget\" data-widget_type=\"text-editor.default\">\n\t\t\t\t<div class=\"elementor-widget-container\">\n\t\t\t\t\t\t\t<p>a) La identitat del responsable del tractament i del seu representant, si \u00e9s el cas.<br \/>b) La finalitat del tractament.<br \/>c) La forma en qu\u00e8 l&#8217;afectat podr\u00e0 exercitar els drets establerts en els articles 15 a 22 del Reglament (UE) 2016\/679.<\/p>\n\t\t\t\t\t\t<\/div>\n\t\t\t\t<\/div>\n\t\t\t\t<div class=\"elementor-element elementor-element-e97f99b elementor-widget elementor-widget-text-editor\" data-id=\"e97f99b\" data-element_type=\"widget\" data-widget_type=\"text-editor.default\">\n\t\t\t\t<div class=\"elementor-widget-container\">\n\t\t\t\t\t\t\t<p>No obstant aix\u00f2, els responsables i encarregats del tractament o, si \u00e9s el cas, els seus representants hauran de mantenir el registre d&#8217;activitats de tractament a qu\u00e8 es refereix l&#8217;article 30 del Reglament (UE) 2016\/679, tret que l&#8217;empresa o organitzaci\u00f3 ocupin menys de 250 persones, amb l&#8217;excepci\u00f3 que el tractament que realitzi pugui comportar un risc per als drets i llibertats dels interessats, no sigui ocasional, o inclogui categories especials de dades personals indicades en l&#8217;article 9, apartat 1, o dades personals relatives a condemnes i infraccions penals a les quals es refereix l&#8217;article 10 del Reglament (UE) 2016\/679.<\/p>\n\t\t\t\t\t\t<\/div>\n\t\t\t\t<\/div>\n\t\t\t\t<div class=\"elementor-element elementor-element-f2e4e18 elementor-widget elementor-widget-text-editor\" data-id=\"f2e4e18\" data-element_type=\"widget\" data-widget_type=\"text-editor.default\">\n\t\t\t\t<div class=\"elementor-widget-container\">\n\t\t\t\t\t\t\t<p>Finalment, l&#8217;article 5.1.f) del Reglament (UE) 2016\/679 determina la necessitat d&#8217;establir garanties de seguretat adequades contra el tractament no autoritzat o il\u00b7l\u00edcit, contra la p\u00e8rdua de les dades personals, la destrucci\u00f3 o el mal accidental. Aix\u00f2 implica l&#8217;establiment de mesures t\u00e8cniques i organitzatives encaminades a assegurar la integritat i confidencialitat de les dades personals i la possibilitat (article 5.2) de demostrar que aquestes mesures s&#8217;han emportat a la pr\u00e0ctica (responsabilitat proactiva).<\/p>\n\t\t\t\t\t\t<\/div>\n\t\t\t\t<\/div>\n\t\t\t\t<div class=\"elementor-element elementor-element-167df39 elementor-widget elementor-widget-text-editor\" data-id=\"167df39\" data-element_type=\"widget\" data-widget_type=\"text-editor.default\">\n\t\t\t\t<div class=\"elementor-widget-container\">\n\t\t\t\t\t\t\t<p><strong>EXACTITUD I VERACITAT DE LES DADES FACILITADES<\/strong><\/p>\n\t\t\t\t\t\t<\/div>\n\t\t\t\t<\/div>\n\t\t\t\t<div class=\"elementor-element elementor-element-56d8161 elementor-widget elementor-widget-text-editor\" data-id=\"56d8161\" data-element_type=\"widget\" data-widget_type=\"text-editor.default\">\n\t\t\t\t<div class=\"elementor-widget-container\">\n\t\t\t\t\t\t\t<p>L&#8217;Usuari que envia la informaci\u00f3 a Anna *Bozzano \u00e9s l&#8217;\u00fanic responsable de la veracitat i correcci\u00f3 de les dades incloses, exonerant-se Anna *Bozzano de qualsevol responsabilitat sobre aquest tema.<\/p>\n\t\t\t\t\t\t<\/div>\n\t\t\t\t<\/div>\n\t\t\t\t<div class=\"elementor-element elementor-element-a31c956 elementor-widget elementor-widget-text-editor\" data-id=\"a31c956\" data-element_type=\"widget\" data-widget_type=\"text-editor.default\">\n\t\t\t\t<div class=\"elementor-widget-container\">\n\t\t\t\t\t\t\t<p>Els usuaris garanteixen i responen, en qualsevol cas, de l&#8217;exactitud, vig\u00e8ncia i autenticitat de les dades personals facilitades, comprometent-se a mantenir-los degudament actualitzats. L&#8217;Usuari accepta proporcionar informaci\u00f3 completa i correcta en el formulari de registre o subscripci\u00f3.<\/p>\n\t\t\t\t\t\t<\/div>\n\t\t\t\t<\/div>\n\t\t\t\t<div class=\"elementor-element elementor-element-d68095e elementor-widget elementor-widget-text-editor\" data-id=\"d68095e\" data-element_type=\"widget\" data-widget_type=\"text-editor.default\">\n\t\t\t\t<div class=\"elementor-widget-container\">\n\t\t\t\t\t\t\t<p>Anna Bozzano no respon de la veracitat de les informacions que no siguin d&#8217;elaboraci\u00f3 pr\u00f2pia i de les quals s&#8217;indiqui una altra font, per la qual cosa tampoc assumeix cap responsabilitat quant a hipot\u00e8tics perjudicis que poguessin originar-se per l&#8217;\u00fas d&#8217;aquesta informaci\u00f3. S&#8217;exonera a Anna Bozzano de responsabilitat davant qualsevol mal o perjudici que pogu\u00e9s sofrir l&#8217;Usuari a conseq\u00fc\u00e8ncia d&#8217;errors, defectes o omissions, en la informaci\u00f3 facilitada per Anna Bozzano sempre que procedeixi de fonts alienes a Anna Bozzano.<\/p>\n\t\t\t\t\t\t<\/div>\n\t\t\t\t<\/div>\n\t\t\t\t<div class=\"elementor-element elementor-element-be9c7f0 elementor-widget elementor-widget-text-editor\" data-id=\"be9c7f0\" data-element_type=\"widget\" data-widget_type=\"text-editor.default\">\n\t\t\t\t<div class=\"elementor-widget-container\">\n\t\t\t\t\t\t\t<p><strong>CESSI\u00d3 DE DADES A TERCERS<\/strong><\/p>\n\t\t\t\t\t\t<\/div>\n\t\t\t\t<\/div>\n\t\t\t\t<div class=\"elementor-element elementor-element-8852900 elementor-widget elementor-widget-text-editor\" data-id=\"8852900\" data-element_type=\"widget\" data-widget_type=\"text-editor.default\">\n\t\t\t\t<div class=\"elementor-widget-container\">\n\t\t\t\t\t\t\t<p>Anna Bozzano no cedir\u00e0 les seves dades personals a tercers. No obstant aix\u00f2, en el cas de ser cedits a algun tercer es produiria una informaci\u00f3 pr\u00e8via sol\u00b7licitant el consentiment expr\u00e9s de l&#8217;afectat en virtut de l&#8217;article 4.11 del Reglament (UE) 2016\/679 de 27 d&#8217;abril de 2016.<\/p>\n\t\t\t\t\t\t<\/div>\n\t\t\t\t<\/div>\n\t\t\t\t<div class=\"elementor-element elementor-element-48775aa elementor-widget elementor-widget-text-editor\" data-id=\"48775aa\" data-element_type=\"widget\" data-widget_type=\"text-editor.default\">\n\t\t\t\t<div class=\"elementor-widget-container\">\n\t\t\t\t\t\t\t<p><strong>CONSERVACI\u00d3 DE LES DADES<\/strong><\/p>\n\t\t\t\t\t\t<\/div>\n\t\t\t\t<\/div>\n\t\t\t\t<div class=\"elementor-element elementor-element-8800019 elementor-widget elementor-widget-text-editor\" data-id=\"8800019\" data-element_type=\"widget\" data-widget_type=\"text-editor.default\">\n\t\t\t\t<div class=\"elementor-widget-container\">\n\t\t\t\t\t\t\t<p>En qualsevol cas, el temps de conservaci\u00f3 ser\u00e0 l&#8217;indispensable, podent mantenir-se com a m\u00ednim:<\/p>\n\t\t\t\t\t\t<\/div>\n\t\t\t\t<\/div>\n\t\t\t\t<div class=\"elementor-element elementor-element-08bfa6c elementor-widget elementor-widget-text-editor\" data-id=\"08bfa6c\" data-element_type=\"widget\" data-widget_type=\"text-editor.default\">\n\t\t\t\t<div class=\"elementor-widget-container\">\n\t\t\t\t\t\t\t<p>4 anys: Llei sobre infraccions i sancions en l&#8217;ordre social (obligacions en mat\u00e8ria d&#8217;afiliaci\u00f3, altes, baixes, cotitzaci\u00f3, pagament de salaris\u2026); Arts. 66 y s. Llei general tribut\u00e0ria (llibres de comptabilitat\u2026)<br \/>5 anys: Art. 1964 Codi Civil (accions personals sense termini especial)<br \/>6 anys: Art. 30 Codi de Comer\u00e7 (llibres de comptabilitat, factures\u2026)<br \/>10 anys: Art. 25 Llei de Prevenci\u00f3 del Blanqueig de Capitals i Finan\u00e7ament del Terrorisme.<\/p>\n\t\t\t\t\t\t<\/div>\n\t\t\t\t<\/div>\n\t\t\t\t<div class=\"elementor-element elementor-element-b3c3c39 elementor-widget elementor-widget-text-editor\" data-id=\"b3c3c39\" data-element_type=\"widget\" data-widget_type=\"text-editor.default\">\n\t\t\t\t<div class=\"elementor-widget-container\">\n\t\t\t\t\t\t\t<p><strong>EXERCICI DE DRETS D&#8217;ACC\u00c9S, RECTIFICACI\u00d3, SUPRESSI\u00d3, LIMITACI\u00d3, PORTABILITAT I OPOSICI\u00d3<\/strong><\/p>\n\t\t\t\t\t\t<\/div>\n\t\t\t\t<\/div>\n\t\t\t\t<div class=\"elementor-element elementor-element-7e3f843 elementor-widget elementor-widget-text-editor\" data-id=\"7e3f843\" data-element_type=\"widget\" data-widget_type=\"text-editor.default\">\n\t\t\t\t<div class=\"elementor-widget-container\">\n\t\t\t\t\t\t\t<p>Podr\u00e0 dirigir les seves comunicacions i exercitar els drets d&#8217;acc\u00e9s, rectificaci\u00f3, supressi\u00f3, limitaci\u00f3, portabilitat i oposici\u00f3 a trav\u00e9s de correu postal en Moll de Pescadors s\/n, 08039 Barcelona o en l&#8217;email hola@delpeixalplat.com juntament amb prova v\u00e0lida en dret, com a fotoc\u00f2pia del DNI i indicant en l&#8217;assumpte \u00abPROTECCI\u00d3 DE DADES\u00bb.<\/p>\n\t\t\t\t\t\t<\/div>\n\t\t\t\t<\/div>\n\t\t\t\t<div class=\"elementor-element elementor-element-45ff3db elementor-widget elementor-widget-text-editor\" data-id=\"45ff3db\" data-element_type=\"widget\" data-widget_type=\"text-editor.default\">\n\t\t\t\t<div class=\"elementor-widget-container\">\n\t\t\t\t\t\t\t<p><strong>ACCEPTACI\u00d3 I CONSENTIMENT<\/strong><\/p>\n\t\t\t\t\t\t<\/div>\n\t\t\t\t<\/div>\n\t\t\t\t<div class=\"elementor-element elementor-element-7993e63 elementor-widget elementor-widget-text-editor\" data-id=\"7993e63\" data-element_type=\"widget\" data-widget_type=\"text-editor.default\">\n\t\t\t\t<div class=\"elementor-widget-container\">\n\t\t\t\t\t\t\t<p>L&#8217;Usuari declara haver estat informat de les condicions sobre protecci\u00f3 de dades de car\u00e0cter personal, acceptant i consentint el tractament de les mateixes per part d&#8217;Anna Bozzano, en la forma i per a les finalitats indicades en la present Pol\u00edtica de Protecci\u00f3 de Dades Personals.<\/p>\n\t\t\t\t\t\t<\/div>\n\t\t\t\t<\/div>\n\t\t\t\t\t<\/div>\n\t\t<\/div>\n\t\t\t\t\t<\/div>\n\t\t<\/section>\n\t\t\t\t<\/div>\n\t\t","protected":false},"excerpt":{"rendered":"<p>A l&#8217;efecte del que es preveu en el Reglament (UE) 2016\/679 de 27 d&#8217;abril de 2016 Anna Bozzano amb NIF X1711124Q informa l&#8217;Usuari que les seves dades de car\u00e0cter personal seran tractats amb la finalitat de prestar-li els serveis sol\u00b7licitats i enviar-li la informaci\u00f3 sobre la nostra empresa que pugui ser del seu inter\u00e8s. ENVIAMENT [&hellip;]<\/p>\n","protected":false},"author":1,"featured_media":0,"parent":0,"menu_order":0,"comment_status":"closed","ping_status":"closed","template":"","meta":{"_acf_changed":false,"_monsterinsights_skip_tracking":false,"_monsterinsights_sitenote_active":false,"_monsterinsights_sitenote_note":"","_monsterinsights_sitenote_category":0,"footnotes":""},"class_list":["post-2252","page","type-page","status-publish","hentry"],"acf":[],"yoast_head":"<!-- This site is optimized with the Yoast SEO plugin v23.7 - https:\/\/yoast.com\/wordpress\/plugins\/seo\/ -->\n<title>Pol\u00edtica de privacitat - Del peix al plat<\/title>\n<meta name=\"robots\" content=\"noindex, nofollow\" \/>\n<meta property=\"og:locale\" content=\"ca_ES\" \/>\n<meta property=\"og:type\" content=\"article\" \/>\n<meta property=\"og:title\" content=\"Pol\u00edtica de privacitat - Del peix al plat\" \/>\n<meta property=\"og:description\" content=\"A l&#8217;efecte del que es preveu en el Reglament (UE) 2016\/679 de 27 d&#8217;abril de 2016 Anna Bozzano amb NIF X1711124Q informa l&#8217;Usuari que les seves dades de car\u00e0cter personal seran tractats amb la finalitat de prestar-li els serveis sol\u00b7licitats i enviar-li la informaci\u00f3 sobre la nostra empresa que pugui ser del seu inter\u00e8s. ENVIAMENT [&hellip;]\" \/>\n<meta property=\"og:url\" content=\"https:\/\/delpeixalplat.com\/ca\/politica-de-privacitat\/\" \/>\n<meta property=\"og:site_name\" content=\"Del peix al plat\" \/>\n<meta property=\"article:modified_time\" content=\"2023-12-18T16:37:40+00:00\" \/>\n<meta name=\"twitter:card\" content=\"summary_large_image\" \/>\n<meta name=\"twitter:label1\" content=\"Temps estimat de lectura\" \/>\n\t<meta name=\"twitter:data1\" content=\"4 minuts\" \/>\n<script type=\"application\/ld+json\" class=\"yoast-schema-graph\">{\"@context\":\"https:\/\/schema.org\",\"@graph\":[{\"@type\":\"WebPage\",\"@id\":\"https:\/\/delpeixalplat.com\/ca\/politica-de-privacitat\/\",\"url\":\"https:\/\/delpeixalplat.com\/ca\/politica-de-privacitat\/\",\"name\":\"Pol\u00edtica de privacitat - Del peix al plat\",\"isPartOf\":{\"@id\":\"https:\/\/delpeixalplat.com\/ca\/#website\"},\"datePublished\":\"2023-11-23T10:16:09+00:00\",\"dateModified\":\"2023-12-18T16:37:40+00:00\",\"breadcrumb\":{\"@id\":\"https:\/\/delpeixalplat.com\/ca\/politica-de-privacitat\/#breadcrumb\"},\"inLanguage\":\"ca\",\"potentialAction\":[{\"@type\":\"ReadAction\",\"target\":[\"https:\/\/delpeixalplat.com\/ca\/politica-de-privacitat\/\"]}]},{\"@type\":\"BreadcrumbList\",\"@id\":\"https:\/\/delpeixalplat.com\/ca\/politica-de-privacitat\/#breadcrumb\",\"itemListElement\":[{\"@type\":\"ListItem\",\"position\":1,\"name\":\"Portada\",\"item\":\"https:\/\/delpeixalplat.com\/ca\/\"},{\"@type\":\"ListItem\",\"position\":2,\"name\":\"Pol\u00edtica de privacitat\"}]},{\"@type\":\"WebSite\",\"@id\":\"https:\/\/delpeixalplat.com\/ca\/#website\",\"url\":\"https:\/\/delpeixalplat.com\/ca\/\",\"name\":\"Del peix al plat\",\"description\":\"\",\"publisher\":{\"@id\":\"https:\/\/delpeixalplat.com\/ca\/#organization\"},\"potentialAction\":[{\"@type\":\"SearchAction\",\"target\":{\"@type\":\"EntryPoint\",\"urlTemplate\":\"https:\/\/delpeixalplat.com\/ca\/?s={search_term_string}\"},\"query-input\":{\"@type\":\"PropertyValueSpecification\",\"valueRequired\":true,\"valueName\":\"search_term_string\"}}],\"inLanguage\":\"ca\"},{\"@type\":\"Organization\",\"@id\":\"https:\/\/delpeixalplat.com\/ca\/#organization\",\"name\":\"Del peix al plat\",\"url\":\"https:\/\/delpeixalplat.com\/ca\/\",\"logo\":{\"@type\":\"ImageObject\",\"inLanguage\":\"ca\",\"@id\":\"https:\/\/delpeixalplat.com\/ca\/#\/schema\/logo\/image\/\",\"url\":\"https:\/\/delpeixalplat.com\/wp-content\/uploads\/2023\/09\/logo-el-peix-al-plat3-v2.png\",\"contentUrl\":\"https:\/\/delpeixalplat.com\/wp-content\/uploads\/2023\/09\/logo-el-peix-al-plat3-v2.png\",\"width\":240,\"height\":225,\"caption\":\"Del peix al plat\"},\"image\":{\"@id\":\"https:\/\/delpeixalplat.com\/ca\/#\/schema\/logo\/image\/\"}}]}<\/script>\n<!-- \/ Yoast SEO plugin. -->","yoast_head_json":{"title":"Pol\u00edtica de privacitat - Del peix al plat","robots":{"index":"noindex","follow":"nofollow"},"og_locale":"ca_ES","og_type":"article","og_title":"Pol\u00edtica de privacitat - Del peix al plat","og_description":"A l&#8217;efecte del que es preveu en el Reglament (UE) 2016\/679 de 27 d&#8217;abril de 2016 Anna Bozzano amb NIF X1711124Q informa l&#8217;Usuari que les seves dades de car\u00e0cter personal seran tractats amb la finalitat de prestar-li els serveis sol\u00b7licitats i enviar-li la informaci\u00f3 sobre la nostra empresa que pugui ser del seu inter\u00e8s. ENVIAMENT [&hellip;]","og_url":"https:\/\/delpeixalplat.com\/ca\/politica-de-privacitat\/","og_site_name":"Del peix al plat","article_modified_time":"2023-12-18T16:37:40+00:00","twitter_card":"summary_large_image","twitter_misc":{"Temps estimat de lectura":"4 minuts"},"schema":{"@context":"https:\/\/schema.org","@graph":[{"@type":"WebPage","@id":"https:\/\/delpeixalplat.com\/ca\/politica-de-privacitat\/","url":"https:\/\/delpeixalplat.com\/ca\/politica-de-privacitat\/","name":"Pol\u00edtica de privacitat - Del peix al plat","isPartOf":{"@id":"https:\/\/delpeixalplat.com\/ca\/#website"},"datePublished":"2023-11-23T10:16:09+00:00","dateModified":"2023-12-18T16:37:40+00:00","breadcrumb":{"@id":"https:\/\/delpeixalplat.com\/ca\/politica-de-privacitat\/#breadcrumb"},"inLanguage":"ca","potentialAction":[{"@type":"ReadAction","target":["https:\/\/delpeixalplat.com\/ca\/politica-de-privacitat\/"]}]},{"@type":"BreadcrumbList","@id":"https:\/\/delpeixalplat.com\/ca\/politica-de-privacitat\/#breadcrumb","itemListElement":[{"@type":"ListItem","position":1,"name":"Portada","item":"https:\/\/delpeixalplat.com\/ca\/"},{"@type":"ListItem","position":2,"name":"Pol\u00edtica de privacitat"}]},{"@type":"WebSite","@id":"https:\/\/delpeixalplat.com\/ca\/#website","url":"https:\/\/delpeixalplat.com\/ca\/","name":"Del peix al plat","description":"","publisher":{"@id":"https:\/\/delpeixalplat.com\/ca\/#organization"},"potentialAction":[{"@type":"SearchAction","target":{"@type":"EntryPoint","urlTemplate":"https:\/\/delpeixalplat.com\/ca\/?s={search_term_string}"},"query-input":{"@type":"PropertyValueSpecification","valueRequired":true,"valueName":"search_term_string"}}],"inLanguage":"ca"},{"@type":"Organization","@id":"https:\/\/delpeixalplat.com\/ca\/#organization","name":"Del peix al plat","url":"https:\/\/delpeixalplat.com\/ca\/","logo":{"@type":"ImageObject","inLanguage":"ca","@id":"https:\/\/delpeixalplat.com\/ca\/#\/schema\/logo\/image\/","url":"https:\/\/delpeixalplat.com\/wp-content\/uploads\/2023\/09\/logo-el-peix-al-plat3-v2.png","contentUrl":"https:\/\/delpeixalplat.com\/wp-content\/uploads\/2023\/09\/logo-el-peix-al-plat3-v2.png","width":240,"height":225,"caption":"Del peix al plat"},"image":{"@id":"https:\/\/delpeixalplat.com\/ca\/#\/schema\/logo\/image\/"}}]}},"_links":{"self":[{"href":"https:\/\/delpeixalplat.com\/ca\/wp-json\/wp\/v2\/pages\/2252"}],"collection":[{"href":"https:\/\/delpeixalplat.com\/ca\/wp-json\/wp\/v2\/pages"}],"about":[{"href":"https:\/\/delpeixalplat.com\/ca\/wp-json\/wp\/v2\/types\/page"}],"author":[{"embeddable":true,"href":"https:\/\/delpeixalplat.com\/ca\/wp-json\/wp\/v2\/users\/1"}],"replies":[{"embeddable":true,"href":"https:\/\/delpeixalplat.com\/ca\/wp-json\/wp\/v2\/comments?post=2252"}],"version-history":[{"count":1,"href":"https:\/\/delpeixalplat.com\/ca\/wp-json\/wp\/v2\/pages\/2252\/revisions"}],"predecessor-version":[{"id":2253,"href":"https:\/\/delpeixalplat.com\/ca\/wp-json\/wp\/v2\/pages\/2252\/revisions\/2253"}],"wp:attachment":[{"href":"https:\/\/delpeixalplat.com\/ca\/wp-json\/wp\/v2\/media?parent=2252"}],"curies":[{"name":"wp","href":"https:\/\/api.w.org\/{rel}","templated":true}]}}