{"id":2254,"date":"2023-11-23T12:34:23","date_gmt":"2023-11-23T10:34:23","guid":{"rendered":"https:\/\/delpeixalplat.com\/politica-de-cookies\/"},"modified":"2023-12-18T18:50:07","modified_gmt":"2023-12-18T16:50:07","slug":"politica-de-cookies","status":"publish","type":"page","link":"https:\/\/delpeixalplat.com\/ca\/politica-de-cookies\/","title":{"rendered":"Pol\u00edtica de cookies"},"content":{"rendered":"\t\t<div data-elementor-type=\"wp-page\" data-elementor-id=\"2254\" class=\"elementor elementor-2254 elementor-1423\">\n\t\t\t\t\t\t<section class=\"elementor-section elementor-top-section elementor-element elementor-element-527bffb wrapper-smaller elementor-section-boxed elementor-section-height-default elementor-section-height-default\" data-id=\"527bffb\" data-element_type=\"section\">\n\t\t\t\t\t\t<div class=\"elementor-container elementor-column-gap-default\">\n\t\t\t\t\t<div class=\"elementor-column elementor-col-100 elementor-top-column elementor-element elementor-element-3cb297b\" data-id=\"3cb297b\" data-element_type=\"column\">\n\t\t\t<div class=\"elementor-widget-wrap elementor-element-populated\">\n\t\t\t\t\t\t<div class=\"elementor-element elementor-element-25fb7a7 elementor-widget elementor-widget-text-editor\" data-id=\"25fb7a7\" data-element_type=\"widget\" data-widget_type=\"text-editor.default\">\n\t\t\t\t<div class=\"elementor-widget-container\">\n\t\t\t\t\t\t\t<p>Anna Bozzano, a trav\u00e9s del present document, recull la seva Pol\u00edtica de recollida i tractament de cookies, en compliment del que es disposa en l&#8217;article 22.2 de la Llei 34\/2002, d&#8217;11 de juliol, de Serveis de la societat de la Informaci\u00f3 i de Comer\u00e7 Electr\u00f2nic (LSSI-CE).<\/p>\n\t\t\t\t\t\t<\/div>\n\t\t\t\t<\/div>\n\t\t\t\t<div class=\"elementor-element elementor-element-a9bcf04 elementor-widget elementor-widget-text-editor\" data-id=\"a9bcf04\" data-element_type=\"widget\" data-widget_type=\"text-editor.default\">\n\t\t\t\t<div class=\"elementor-widget-container\">\n\t\t\t\t\t\t\t<p>Les cookies s&#8217;emmagatzemen en l&#8217;equip terminal de l&#8217;usuari (ordinador o dispositiu m\u00f2bil) i recopilen informaci\u00f3 en visitar la p\u00e0gina web delpeixalplat.com, amb la finalitat de millorar la usabilitat d&#8217;aquesta, con\u00e8ixer els seus h\u00e0bits o necessitats de navegaci\u00f3 dels usuaris per a poder adaptar-se a aquests, aix\u00ed com obtenir informaci\u00f3 amb finalitats estad\u00edstics. En el cas d&#8217;aquells usuaris que ja siguin clients d&#8217;Anna Bozzano, la informaci\u00f3 recollida amb les cookies servir\u00e0 tamb\u00e9 per a la seva identificaci\u00f3 en accedir a les diferents eines que Anna Bozzano posa a la seva disposici\u00f3 per a la gesti\u00f3 dels serveis.<\/p>\n\t\t\t\t\t\t<\/div>\n\t\t\t\t<\/div>\n\t\t\t\t<div class=\"elementor-element elementor-element-01dfe8a elementor-widget elementor-widget-text-editor\" data-id=\"01dfe8a\" data-element_type=\"widget\" data-widget_type=\"text-editor.default\">\n\t\t\t\t<div class=\"elementor-widget-container\">\n\t\t\t\t\t\t\t<p>La present Pol\u00edtica de cookies ser\u00e0 aplicable a aquells usuaris que volunt\u00e0riament visitin les p\u00e0gines web d&#8217;Anna Bozzano, emplenin formularis de recollida de dades, accedeixin a les eines que Anna Bozzano posa a la disposici\u00f3 dels seus clients per a gestionar els seus serveis , o utilitzin qualsevol altre servei present en el lloc web que impliqui la comunicaci\u00f3 de dades a Anna Bozzano, o l&#8217;acc\u00e9s a dades per Anna Bozzano per a la prestaci\u00f3 dels seus serveis.<\/p>\n\t\t\t\t\t\t<\/div>\n\t\t\t\t<\/div>\n\t\t\t\t<div class=\"elementor-element elementor-element-83a724f elementor-widget elementor-widget-text-editor\" data-id=\"83a724f\" data-element_type=\"widget\" data-widget_type=\"text-editor.default\">\n\t\t\t\t<div class=\"elementor-widget-container\">\n\t\t\t\t\t\t\t<p>Anna Bozzano informa els usuaris de les seves p\u00e0gines web, de l&#8217;exist\u00e8ncia de cookies i posa a la seva disposici\u00f3 la present Pol\u00edtica amb la finalitat d&#8217;informar-los sobre l&#8217;\u00fas i objecte d&#8217;aquestes. El fet de continuar la navegaci\u00f3 a trav\u00e9s de les seves p\u00e0gines suposa el coneixement i acceptaci\u00f3 de la present Pol\u00edtica per part d&#8217;aquests usuaris.<\/p>\n\t\t\t\t\t\t<\/div>\n\t\t\t\t<\/div>\n\t\t\t\t<div class=\"elementor-element elementor-element-6924065 elementor-widget elementor-widget-text-editor\" data-id=\"6924065\" data-element_type=\"widget\" data-widget_type=\"text-editor.default\">\n\t\t\t\t<div class=\"elementor-widget-container\">\n\t\t\t\t\t\t\t<p>Anna Bozzano utilitza els seg\u00fcents tipus de cookies:<\/p>\n\t\t\t\t\t\t<\/div>\n\t\t\t\t<\/div>\n\t\t\t\t<div class=\"elementor-element elementor-element-6ccc8ac elementor-widget elementor-widget-text-editor\" data-id=\"6ccc8ac\" data-element_type=\"widget\" data-widget_type=\"text-editor.default\">\n\t\t\t\t<div class=\"elementor-widget-container\">\n\t\t\t\t\t\t\t<p><strong>CLASSIFICADES SEGONS LA SEVA TITULARITAT<\/strong><\/p>\n\t\t\t\t\t\t<\/div>\n\t\t\t\t<\/div>\n\t\t\t\t<div class=\"elementor-element elementor-element-b0d259d elementor-widget elementor-widget-text-editor\" data-id=\"b0d259d\" data-element_type=\"widget\" data-widget_type=\"text-editor.default\">\n\t\t\t\t<div class=\"elementor-widget-container\">\n\t\t\t\t\t\t\t<p>Cookies pr\u00f2pies: enviades i gestionades directament per Anna Bozzano.<br \/>Cookies de tercers: enviades i gestionades per un tercer ali\u00e8 a Anna Bozzano, de manera an\u00f2nima, amb la finalitat de realitzar estudis estad\u00edstics de navegaci\u00f3 per les p\u00e0gines web d&#8217;Anna Bozzano.<\/p>\n\t\t\t\t\t\t<\/div>\n\t\t\t\t<\/div>\n\t\t\t\t<div class=\"elementor-element elementor-element-e3feeb8 elementor-widget elementor-widget-text-editor\" data-id=\"e3feeb8\" data-element_type=\"widget\" data-widget_type=\"text-editor.default\">\n\t\t\t\t<div class=\"elementor-widget-container\">\n\t\t\t\t\t\t\t<p><strong>CLASSIFICADES SEGONS LA SEVA FINALITAT<\/strong><\/p>\n\t\t\t\t\t\t<\/div>\n\t\t\t\t<\/div>\n\t\t\t\t<div class=\"elementor-element elementor-element-67ba3f0 elementor-widget elementor-widget-text-editor\" data-id=\"67ba3f0\" data-element_type=\"widget\" data-widget_type=\"text-editor.default\">\n\t\t\t\t<div class=\"elementor-widget-container\">\n\t\t\t\t\t\t\t<p>Cookies t\u00e8cniques i\/o de personalitzaci\u00f3: faciliten la navegaci\u00f3 en identificar la sessi\u00f3, permetre l&#8217;acc\u00e9s a eines d&#8217;acc\u00e9s restringit, a m\u00e9s de configurar a mesura les opcions disponibles. Possibiliten la prestaci\u00f3 del servei pr\u00e8viament sol\u00b7licitat per l&#8217;usuari.<br \/>Cookies d&#8217;an\u00e0lisis i\/o publicitat: permeten con\u00e8ixer el nombre de visites rebudes en les diferents seccions de les p\u00e0gines web, els h\u00e0bits i tend\u00e8ncies dels seus usuaris i en conseq\u00fc\u00e8ncia, poder millorar la navegaci\u00f3 i el servei ofert per Anna Bozzano (fonamentalment , Google Analytics), aix\u00ed com gestionar els espais publicitaris inclosos en la p\u00e0gina web visitada per l&#8217;usuari. Recull dades de manera an\u00f2nima amb la finalitat d&#8217;obtenir perfils de navegaci\u00f3 dels usuaris.<\/p>\n\t\t\t\t\t\t<\/div>\n\t\t\t\t<\/div>\n\t\t\t\t<div class=\"elementor-element elementor-element-cf907f4 elementor-widget elementor-widget-text-editor\" data-id=\"cf907f4\" data-element_type=\"widget\" data-widget_type=\"text-editor.default\">\n\t\t\t\t<div class=\"elementor-widget-container\">\n\t\t\t\t\t\t\t<p><strong>CLASSIFICADES SEGONS LA SEVA DURADA<\/strong><\/p>\n\t\t\t\t\t\t<\/div>\n\t\t\t\t<\/div>\n\t\t\t\t<div class=\"elementor-element elementor-element-270ecb5 elementor-widget elementor-widget-text-editor\" data-id=\"270ecb5\" data-element_type=\"widget\" data-widget_type=\"text-editor.default\">\n\t\t\t\t<div class=\"elementor-widget-container\">\n\t\t\t\t\t\t\t<p>Cookies de sessi\u00f3: recullen i emmagatzemen les dades mentre l&#8217;usuari accedeix a la p\u00e0gina web.<br \/>Cookies persistents: recapten i emmagatzemen les dades en el terminal de l&#8217;usuari durant un per\u00edode de temps variable en funci\u00f3 de qual sigui la finalitat per a la qual han estat utilitzades.<\/p>\n\t\t\t\t\t\t<\/div>\n\t\t\t\t<\/div>\n\t\t\t\t<div class=\"elementor-element elementor-element-9be3c68 elementor-widget elementor-widget-text-editor\" data-id=\"9be3c68\" data-element_type=\"widget\" data-widget_type=\"text-editor.default\">\n\t\t\t\t<div class=\"elementor-widget-container\">\n\t\t\t\t\t\t\t<p>El temps de conservaci\u00f3 de les cookies dependr\u00e0 del tipus de qu\u00e8 es tracti i ser\u00e0 sempre el m\u00ednim indispensable per a complir la seva finalitat.<\/p>\n\t\t\t\t\t\t<\/div>\n\t\t\t\t<\/div>\n\t\t\t\t<div class=\"elementor-element elementor-element-64c335f elementor-widget elementor-widget-text-editor\" data-id=\"64c335f\" data-element_type=\"widget\" data-widget_type=\"text-editor.default\">\n\t\t\t\t<div class=\"elementor-widget-container\">\n\t\t\t\t\t\t\t<p>En qualsevol cas, els usuaris poden configurar el seu navegador, de manera que es desactivi o bloquegi la recepci\u00f3 de totes o algunes de les cookies. El fet de no desitjar rebre aquestes cookies, no constitueix un impediment per poder accedir a la informaci\u00f3 dels llocs web de Anna Bozzano encara que l\u2019\u00fas d\u2019alguns serveis podr\u00e0 ser limitat. Si una vegada atorgat el consentiment per a la recepci\u00f3 de cookies es desitja retirar-lo, s&#8217;eliminaran aquelles cookies emmagatzemades en l&#8217;equip de l&#8217;usuari, a trav\u00e9s de les opcions dels diferents navegadors.<\/p>\n\t\t\t\t\t\t<\/div>\n\t\t\t\t<\/div>\n\t\t\t\t<div class=\"elementor-element elementor-element-9c2109d elementor-widget elementor-widget-text-editor\" data-id=\"9c2109d\" data-element_type=\"widget\" data-widget_type=\"text-editor.default\">\n\t\t\t\t<div class=\"elementor-widget-container\">\n\t\t\t\t\t\t\t<p>La manera de configurar els diferents navegadors per a exercitar les accions assenyalades en els par\u00e0grafs anteriors, es pot consultar en:<\/p>\n\t\t\t\t\t\t<\/div>\n\t\t\t\t<\/div>\n\t\t\t\t<div class=\"elementor-element elementor-element-2a42259 elementor-widget elementor-widget-text-editor\" data-id=\"2a42259\" data-element_type=\"widget\" data-widget_type=\"text-editor.default\">\n\t\t\t\t<div class=\"elementor-widget-container\">\n\t\t\t\t\t\t\t<p>Explorer: https:\/\/support.microsoft.com\/es-es\/help\/17479\/windows-internet-explorer-11-change-security-privacy-settings<br \/>Chrome: https:\/\/support.google.com\/chrome\/answer\/95647?hl=es<br \/>Firefox: http:\/\/support.mozilla.org\/es\/kb\/cookies-informacion-que-los-sitios-web-guardan-en-?redirectlocale=en-US&amp;redirectslug=Cookies<br \/>Safari: https:\/\/support.apple.com\/kb\/ph21411?locale=es_ES<\/p>\n\t\t\t\t\t\t<\/div>\n\t\t\t\t<\/div>\n\t\t\t\t<div class=\"elementor-element elementor-element-c84ed36 elementor-widget elementor-widget-text-editor\" data-id=\"c84ed36\" data-element_type=\"widget\" data-widget_type=\"text-editor.default\">\n\t\t\t\t<div class=\"elementor-widget-container\">\n\t\t\t\t\t\t\t<p><strong>GOOGLE ANALYTICS<\/strong><\/p>\n\t\t\t\t\t\t<\/div>\n\t\t\t\t<\/div>\n\t\t\t\t<div class=\"elementor-element elementor-element-6258e6b elementor-widget elementor-widget-text-editor\" data-id=\"6258e6b\" data-element_type=\"widget\" data-widget_type=\"text-editor.default\">\n\t\t\t\t<div class=\"elementor-widget-container\">\n\t\t\t\t\t\t\t<p>Aquesta p\u00e0gina web utilitza Google Analytics, un servei anal\u00edtic web proporcionat per Google, Inc. (Google, ara d&#8217;ara endavant). Google Analytics utilitza les anomenades \u00abcookies\u00bb, arxius de text que s&#8217;instal\u00b7len en l&#8217;ordinador i que fan possible l&#8217;an\u00e0lisi del comportament dels usuaris en Internet. La informaci\u00f3 que genera la cookie sobre l&#8217;\u00fas que realitza l&#8217;usuari de la p\u00e0gina web es transmet i emmagatzema generalment en els servidors de Google dels Estats Units. En cas d&#8217;activar l&#8217;opci\u00f3 d&#8217;IP an\u00f2nima en la p\u00e0gina web, l&#8217;adre\u00e7a IP no apareixer\u00e0 completa dins dels pa\u00efsos de la Uni\u00f3 Europea o en els altres pa\u00efsos que aix\u00ed ho hagin acordat dins de l&#8217;espai econ\u00f2mic de la Uni\u00f3 Europea.<\/p>\n\t\t\t\t\t\t<\/div>\n\t\t\t\t<\/div>\n\t\t\t\t<div class=\"elementor-element elementor-element-7ec4dea elementor-widget elementor-widget-text-editor\" data-id=\"7ec4dea\" data-element_type=\"widget\" data-widget_type=\"text-editor.default\">\n\t\t\t\t<div class=\"elementor-widget-container\">\n\t\t\t\t\t\t\t<p>Nom\u00e9s excepcionalment es transmetr\u00e0 l&#8217;adre\u00e7a IP completa a un servidor de Google als Estats Units i una vegada all\u00ed s&#8217;escur\u00e7ar\u00e0. \u00danicament amb autoritzaci\u00f3 de l&#8217;usuari de la p\u00e0gina, Google utilitzar\u00e0 aquesta informaci\u00f3 per a valorar el comportament de l&#8217;usuari en la p\u00e0gina web, generar informes sobre les activitats de la p\u00e0gina i oferir al propietari de la p\u00e0gina serveis relacionats amb l&#8217;\u00fas web i d&#8217;Internet. L&#8217;adre\u00e7a IP transmesa pel seu navegador en el marc de Google Analytics no s&#8217;associar\u00e0 a altres dades de Google. L&#8217;usuari pot evitar l&#8217;emmagatzematge de cookies configurant el navegador corresponentment de manera que no s&#8217;emmagatzemin les cookies. Aquesta configuraci\u00f3 pot afectar la plena funcionalitat de la p\u00e0gina web. Amb l&#8217;\u00fas d&#8217;aquesta web, l&#8217;usuari est\u00e0 d&#8217;acord amb el processament de dades per Google de la forma anteriorment esmentada. L&#8217;usuari tamb\u00e9 pot evitar el registre de les dades generades per les cookies i dels relacionats amb l&#8217;\u00fas de la p\u00e0gina web (inclosa l&#8217;adre\u00e7a IP), aix\u00ed com el processament dels mateixos descarregant i instal\u00b7lant el seg\u00fcent plugin per al navegador disponible a trav\u00e9s d&#8217;aquest link: http:\/\/tools.google.com\/dlpage\/gaoptout<\/p>\n\t\t\t\t\t\t<\/div>\n\t\t\t\t<\/div>\n\t\t\t\t<div class=\"elementor-element elementor-element-6b140d1 elementor-widget elementor-widget-text-editor\" data-id=\"6b140d1\" data-element_type=\"widget\" data-widget_type=\"text-editor.default\">\n\t\t\t\t<div class=\"elementor-widget-container\">\n\t\t\t\t\t\t\t<p>Obtingui m\u00e9s informaci\u00f3 sobre els termes i condicions d&#8217;\u00fas i pol\u00edtica de privacitat en les condicions d&#8217;\u00fas de Google Analytics o en les condicions generals de Google Analytics. Tingues en compte que en aquesta p\u00e0gina el codi de Google Analytics inclou l&#8217;etiqueta \u00abgat._anonymizeIp();\u00bb, que assegura la recol\u00b7lecci\u00f3 d&#8217;adreces IP de manera an\u00f2nima (m\u00e0scara d&#8217;IP).<\/p>\n\t\t\t\t\t\t<\/div>\n\t\t\t\t<\/div>\n\t\t\t\t\t<\/div>\n\t\t<\/div>\n\t\t\t\t\t<\/div>\n\t\t<\/section>\n\t\t\t\t<\/div>\n\t\t","protected":false},"excerpt":{"rendered":"<p>Anna Bozzano, a trav\u00e9s del present document, recull la seva Pol\u00edtica de recollida i tractament de cookies, en compliment del que es disposa en l&#8217;article 22.2 de la Llei 34\/2002, d&#8217;11 de juliol, de Serveis de la societat de la Informaci\u00f3 i de Comer\u00e7 Electr\u00f2nic (LSSI-CE). Les cookies s&#8217;emmagatzemen en l&#8217;equip terminal de l&#8217;usuari (ordinador [&hellip;]<\/p>\n","protected":false},"author":1,"featured_media":0,"parent":0,"menu_order":0,"comment_status":"closed","ping_status":"closed","template":"","meta":{"_acf_changed":false,"_monsterinsights_skip_tracking":false,"_monsterinsights_sitenote_active":false,"_monsterinsights_sitenote_note":"","_monsterinsights_sitenote_category":0,"footnotes":""},"class_list":["post-2254","page","type-page","status-publish","hentry"],"acf":[],"yoast_head":"<!-- This site is optimized with the Yoast SEO plugin v23.7 - https:\/\/yoast.com\/wordpress\/plugins\/seo\/ -->\n<title>Pol\u00edtica de cookies - Del peix al plat<\/title>\n<meta name=\"robots\" content=\"noindex, nofollow\" \/>\n<meta property=\"og:locale\" content=\"ca_ES\" \/>\n<meta property=\"og:type\" content=\"article\" \/>\n<meta property=\"og:title\" content=\"Pol\u00edtica de cookies - Del peix al plat\" \/>\n<meta property=\"og:description\" content=\"Anna Bozzano, a trav\u00e9s del present document, recull la seva Pol\u00edtica de recollida i tractament de cookies, en compliment del que es disposa en l&#8217;article 22.2 de la Llei 34\/2002, d&#8217;11 de juliol, de Serveis de la societat de la Informaci\u00f3 i de Comer\u00e7 Electr\u00f2nic (LSSI-CE). Les cookies s&#8217;emmagatzemen en l&#8217;equip terminal de l&#8217;usuari (ordinador [&hellip;]\" \/>\n<meta property=\"og:url\" content=\"https:\/\/delpeixalplat.com\/ca\/politica-de-cookies\/\" \/>\n<meta property=\"og:site_name\" content=\"Del peix al plat\" \/>\n<meta property=\"article:modified_time\" content=\"2023-12-18T16:50:07+00:00\" \/>\n<meta name=\"twitter:card\" content=\"summary_large_image\" \/>\n<meta name=\"twitter:label1\" content=\"Temps estimat de lectura\" \/>\n\t<meta name=\"twitter:data1\" content=\"5 minuts\" \/>\n<script type=\"application\/ld+json\" class=\"yoast-schema-graph\">{\"@context\":\"https:\/\/schema.org\",\"@graph\":[{\"@type\":\"WebPage\",\"@id\":\"https:\/\/delpeixalplat.com\/ca\/politica-de-cookies\/\",\"url\":\"https:\/\/delpeixalplat.com\/ca\/politica-de-cookies\/\",\"name\":\"Pol\u00edtica de cookies - Del peix al plat\",\"isPartOf\":{\"@id\":\"https:\/\/delpeixalplat.com\/ca\/#website\"},\"datePublished\":\"2023-11-23T10:34:23+00:00\",\"dateModified\":\"2023-12-18T16:50:07+00:00\",\"breadcrumb\":{\"@id\":\"https:\/\/delpeixalplat.com\/ca\/politica-de-cookies\/#breadcrumb\"},\"inLanguage\":\"ca\",\"potentialAction\":[{\"@type\":\"ReadAction\",\"target\":[\"https:\/\/delpeixalplat.com\/ca\/politica-de-cookies\/\"]}]},{\"@type\":\"BreadcrumbList\",\"@id\":\"https:\/\/delpeixalplat.com\/ca\/politica-de-cookies\/#breadcrumb\",\"itemListElement\":[{\"@type\":\"ListItem\",\"position\":1,\"name\":\"Portada\",\"item\":\"https:\/\/delpeixalplat.com\/ca\/\"},{\"@type\":\"ListItem\",\"position\":2,\"name\":\"Pol\u00edtica de cookies\"}]},{\"@type\":\"WebSite\",\"@id\":\"https:\/\/delpeixalplat.com\/ca\/#website\",\"url\":\"https:\/\/delpeixalplat.com\/ca\/\",\"name\":\"Del peix al plat\",\"description\":\"\",\"publisher\":{\"@id\":\"https:\/\/delpeixalplat.com\/ca\/#organization\"},\"potentialAction\":[{\"@type\":\"SearchAction\",\"target\":{\"@type\":\"EntryPoint\",\"urlTemplate\":\"https:\/\/delpeixalplat.com\/ca\/?s={search_term_string}\"},\"query-input\":{\"@type\":\"PropertyValueSpecification\",\"valueRequired\":true,\"valueName\":\"search_term_string\"}}],\"inLanguage\":\"ca\"},{\"@type\":\"Organization\",\"@id\":\"https:\/\/delpeixalplat.com\/ca\/#organization\",\"name\":\"Del peix al plat\",\"url\":\"https:\/\/delpeixalplat.com\/ca\/\",\"logo\":{\"@type\":\"ImageObject\",\"inLanguage\":\"ca\",\"@id\":\"https:\/\/delpeixalplat.com\/ca\/#\/schema\/logo\/image\/\",\"url\":\"https:\/\/delpeixalplat.com\/wp-content\/uploads\/2023\/09\/logo-el-peix-al-plat3-v2.png\",\"contentUrl\":\"https:\/\/delpeixalplat.com\/wp-content\/uploads\/2023\/09\/logo-el-peix-al-plat3-v2.png\",\"width\":240,\"height\":225,\"caption\":\"Del peix al plat\"},\"image\":{\"@id\":\"https:\/\/delpeixalplat.com\/ca\/#\/schema\/logo\/image\/\"}}]}<\/script>\n<!-- \/ Yoast SEO plugin. -->","yoast_head_json":{"title":"Pol\u00edtica de cookies - Del peix al plat","robots":{"index":"noindex","follow":"nofollow"},"og_locale":"ca_ES","og_type":"article","og_title":"Pol\u00edtica de cookies - Del peix al plat","og_description":"Anna Bozzano, a trav\u00e9s del present document, recull la seva Pol\u00edtica de recollida i tractament de cookies, en compliment del que es disposa en l&#8217;article 22.2 de la Llei 34\/2002, d&#8217;11 de juliol, de Serveis de la societat de la Informaci\u00f3 i de Comer\u00e7 Electr\u00f2nic (LSSI-CE). Les cookies s&#8217;emmagatzemen en l&#8217;equip terminal de l&#8217;usuari (ordinador [&hellip;]","og_url":"https:\/\/delpeixalplat.com\/ca\/politica-de-cookies\/","og_site_name":"Del peix al plat","article_modified_time":"2023-12-18T16:50:07+00:00","twitter_card":"summary_large_image","twitter_misc":{"Temps estimat de lectura":"5 minuts"},"schema":{"@context":"https:\/\/schema.org","@graph":[{"@type":"WebPage","@id":"https:\/\/delpeixalplat.com\/ca\/politica-de-cookies\/","url":"https:\/\/delpeixalplat.com\/ca\/politica-de-cookies\/","name":"Pol\u00edtica de cookies - Del peix al plat","isPartOf":{"@id":"https:\/\/delpeixalplat.com\/ca\/#website"},"datePublished":"2023-11-23T10:34:23+00:00","dateModified":"2023-12-18T16:50:07+00:00","breadcrumb":{"@id":"https:\/\/delpeixalplat.com\/ca\/politica-de-cookies\/#breadcrumb"},"inLanguage":"ca","potentialAction":[{"@type":"ReadAction","target":["https:\/\/delpeixalplat.com\/ca\/politica-de-cookies\/"]}]},{"@type":"BreadcrumbList","@id":"https:\/\/delpeixalplat.com\/ca\/politica-de-cookies\/#breadcrumb","itemListElement":[{"@type":"ListItem","position":1,"name":"Portada","item":"https:\/\/delpeixalplat.com\/ca\/"},{"@type":"ListItem","position":2,"name":"Pol\u00edtica de cookies"}]},{"@type":"WebSite","@id":"https:\/\/delpeixalplat.com\/ca\/#website","url":"https:\/\/delpeixalplat.com\/ca\/","name":"Del peix al plat","description":"","publisher":{"@id":"https:\/\/delpeixalplat.com\/ca\/#organization"},"potentialAction":[{"@type":"SearchAction","target":{"@type":"EntryPoint","urlTemplate":"https:\/\/delpeixalplat.com\/ca\/?s={search_term_string}"},"query-input":{"@type":"PropertyValueSpecification","valueRequired":true,"valueName":"search_term_string"}}],"inLanguage":"ca"},{"@type":"Organization","@id":"https:\/\/delpeixalplat.com\/ca\/#organization","name":"Del peix al plat","url":"https:\/\/delpeixalplat.com\/ca\/","logo":{"@type":"ImageObject","inLanguage":"ca","@id":"https:\/\/delpeixalplat.com\/ca\/#\/schema\/logo\/image\/","url":"https:\/\/delpeixalplat.com\/wp-content\/uploads\/2023\/09\/logo-el-peix-al-plat3-v2.png","contentUrl":"https:\/\/delpeixalplat.com\/wp-content\/uploads\/2023\/09\/logo-el-peix-al-plat3-v2.png","width":240,"height":225,"caption":"Del peix al plat"},"image":{"@id":"https:\/\/delpeixalplat.com\/ca\/#\/schema\/logo\/image\/"}}]}},"_links":{"self":[{"href":"https:\/\/delpeixalplat.com\/ca\/wp-json\/wp\/v2\/pages\/2254"}],"collection":[{"href":"https:\/\/delpeixalplat.com\/ca\/wp-json\/wp\/v2\/pages"}],"about":[{"href":"https:\/\/delpeixalplat.com\/ca\/wp-json\/wp\/v2\/types\/page"}],"author":[{"embeddable":true,"href":"https:\/\/delpeixalplat.com\/ca\/wp-json\/wp\/v2\/users\/1"}],"replies":[{"embeddable":true,"href":"https:\/\/delpeixalplat.com\/ca\/wp-json\/wp\/v2\/comments?post=2254"}],"version-history":[{"count":3,"href":"https:\/\/delpeixalplat.com\/ca\/wp-json\/wp\/v2\/pages\/2254\/revisions"}],"predecessor-version":[{"id":2257,"href":"https:\/\/delpeixalplat.com\/ca\/wp-json\/wp\/v2\/pages\/2254\/revisions\/2257"}],"wp:attachment":[{"href":"https:\/\/delpeixalplat.com\/ca\/wp-json\/wp\/v2\/media?parent=2254"}],"curies":[{"name":"wp","href":"https:\/\/api.w.org\/{rel}","templated":true}]}}