{"id":2272,"date":"2023-11-23T12:02:51","date_gmt":"2023-11-23T10:02:51","guid":{"rendered":"https:\/\/delpeixalplat.com\/avis-legal\/"},"modified":"2023-12-18T19:12:13","modified_gmt":"2023-12-18T17:12:13","slug":"avis-legal","status":"publish","type":"page","link":"https:\/\/delpeixalplat.com\/ca\/avis-legal\/","title":{"rendered":"Av\u00eds legal"},"content":{"rendered":"\t\t<div data-elementor-type=\"wp-page\" data-elementor-id=\"2272\" class=\"elementor elementor-2272 elementor-1411\">\n\t\t\t\t\t\t<section class=\"elementor-section elementor-top-section elementor-element elementor-element-527bffb wrapper-smaller elementor-section-boxed elementor-section-height-default elementor-section-height-default\" data-id=\"527bffb\" data-element_type=\"section\">\n\t\t\t\t\t\t<div class=\"elementor-container elementor-column-gap-default\">\n\t\t\t\t\t<div class=\"elementor-column elementor-col-100 elementor-top-column elementor-element elementor-element-3cb297b\" data-id=\"3cb297b\" data-element_type=\"column\">\n\t\t\t<div class=\"elementor-widget-wrap elementor-element-populated\">\n\t\t\t\t\t\t<div class=\"elementor-element elementor-element-25fb7a7 elementor-widget elementor-widget-text-editor\" data-id=\"25fb7a7\" data-element_type=\"widget\" data-widget_type=\"text-editor.default\">\n\t\t\t\t<div class=\"elementor-widget-container\">\n\t\t\t\t\t\t\t<p>En compliment de l&#8217;article 10 de la Llei 34\/2002, d&#8217;11 de juliol, de Serveis de la Societat de la Informaci\u00f3 i Comer\u00e7 Electr\u00f2nic (LSSI-CE) a continuaci\u00f3 es detallen les dades identificatives de l&#8217;empresa:<\/p>\n\t\t\t\t\t\t<\/div>\n\t\t\t\t<\/div>\n\t\t\t\t<div class=\"elementor-element elementor-element-6b359c3 elementor-widget elementor-widget-text-editor\" data-id=\"6b359c3\" data-element_type=\"widget\" data-widget_type=\"text-editor.default\">\n\t\t\t\t<div class=\"elementor-widget-container\">\n\t\t\t\t\t\t\t<p>NOM<br \/>Nom: Anna Bozzano<br \/>DNI:&nbsp;<span class=\" author-d-1gg9uz65z1iz85zgdz68zmqkz84zo2qoxw4ntjz86zq1dau9z85z2z77zlid1u0z85zz67zz87zz66zz65zjz76z8z84zz80z\">X1711124Q<\/span><br \/>Direcci\u00f3: Moll de Pescadors s\/n, 08039 Barcelona<br \/>Tel\u00e8fon: 620 723 365<br \/>Email: hola@delpeixalplat.com<\/p>\n\t\t\t\t\t\t<\/div>\n\t\t\t\t<\/div>\n\t\t\t\t<div class=\"elementor-element elementor-element-5c6f7cd elementor-widget elementor-widget-text-editor\" data-id=\"5c6f7cd\" data-element_type=\"widget\" data-widget_type=\"text-editor.default\">\n\t\t\t\t<div class=\"elementor-widget-container\">\n\t\t\t\t\t\t\t<p><strong>FINALITAT DE LA P\u00c0GINA WEB<\/strong><\/p>\n\t\t\t\t\t\t<\/div>\n\t\t\t\t<\/div>\n\t\t\t\t<div class=\"elementor-element elementor-element-47b6c57 elementor-widget elementor-widget-text-editor\" data-id=\"47b6c57\" data-element_type=\"widget\" data-widget_type=\"text-editor.default\">\n\t\t\t\t<div class=\"elementor-widget-container\">\n\t\t\t\t\t\t\t<p>La finalitat d&#8217;aquesta web \u00e9s atendre les seves consultes i peticions.<\/p>\n\t\t\t\t\t\t<\/div>\n\t\t\t\t<\/div>\n\t\t\t\t<div class=\"elementor-element elementor-element-3922f3a elementor-widget elementor-widget-text-editor\" data-id=\"3922f3a\" data-element_type=\"widget\" data-widget_type=\"text-editor.default\">\n\t\t\t\t<div class=\"elementor-widget-container\">\n\t\t\t\t\t\t\t<p>El present av\u00eds legal (d&#8217;ara endavant, \u00abAv\u00eds Legal\u00bb) regula l&#8217;\u00fas del lloc web: delpeixalplat.com<\/p>\n\t\t\t\t\t\t<\/div>\n\t\t\t\t<\/div>\n\t\t\t\t<div class=\"elementor-element elementor-element-6b468a5 elementor-widget elementor-widget-text-editor\" data-id=\"6b468a5\" data-element_type=\"widget\" data-widget_type=\"text-editor.default\">\n\t\t\t\t<div class=\"elementor-widget-container\">\n\t\t\t\t\t\t\t<p><strong>LEGISLACI\u00d3<\/strong><\/p>\n\t\t\t\t\t\t<\/div>\n\t\t\t\t<\/div>\n\t\t\t\t<div class=\"elementor-element elementor-element-0a4bff6 elementor-widget elementor-widget-text-editor\" data-id=\"0a4bff6\" data-element_type=\"widget\" data-widget_type=\"text-editor.default\">\n\t\t\t\t<div class=\"elementor-widget-container\">\n\t\t\t\t\t\t\t<p>Amb car\u00e0cter general, les relacions entre Anna Bozzano amb els usuaris dels seus serveis telem\u00e0tics, presents en aquest lloc web, es troben sotmeses a la legislaci\u00f3 i jurisdicci\u00f3 espanyoles.<\/p>\n\t\t\t\t\t\t<\/div>\n\t\t\t\t<\/div>\n\t\t\t\t<div class=\"elementor-element elementor-element-b3ea360 elementor-widget elementor-widget-text-editor\" data-id=\"b3ea360\" data-element_type=\"widget\" data-widget_type=\"text-editor.default\">\n\t\t\t\t<div class=\"elementor-widget-container\">\n\t\t\t\t\t\t\t<p><strong>\u00daS I ACC\u00c9S D&#8217;USUARIS<\/strong><\/p>\n\t\t\t\t\t\t<\/div>\n\t\t\t\t<\/div>\n\t\t\t\t<div class=\"elementor-element elementor-element-cbc8d16 elementor-widget elementor-widget-text-editor\" data-id=\"cbc8d16\" data-element_type=\"widget\" data-widget_type=\"text-editor.default\">\n\t\t\t\t<div class=\"elementor-widget-container\">\n\t\t\t\t\t\t\t<p>L&#8217;Usuari queda informat, i accepta, que l&#8217;acc\u00e9s a la present web no suposa, de cap manera, l&#8217;inici d&#8217;una relaci\u00f3 comercial amb Anna Bozzano o qualsevol de les seves delegacions.<\/p>\n\t\t\t\t\t\t<\/div>\n\t\t\t\t<\/div>\n\t\t\t\t<div class=\"elementor-element elementor-element-35b9716 elementor-widget elementor-widget-text-editor\" data-id=\"35b9716\" data-element_type=\"widget\" data-widget_type=\"text-editor.default\">\n\t\t\t\t<div class=\"elementor-widget-container\">\n\t\t\t\t\t\t\t<p><strong>PROPIETAT INTEL\u00b7LECTUAL I INDUSTRIAL<\/strong><\/p>\n\t\t\t\t\t\t<\/div>\n\t\t\t\t<\/div>\n\t\t\t\t<div class=\"elementor-element elementor-element-85b2f30 elementor-widget elementor-widget-text-editor\" data-id=\"85b2f30\" data-element_type=\"widget\" data-widget_type=\"text-editor.default\">\n\t\t\t\t<div class=\"elementor-widget-container\">\n\t\t\t\t\t\t\t<p>Els drets de propietat intel\u00b7lectual del contingut de les p\u00e0gines web, el seu disseny gr\u00e0fic i codis s\u00f3n titularitat d&#8217;Anna Bozzano i, per tant, queda prohibida la seva reproducci\u00f3, distribuci\u00f3, comunicaci\u00f3 p\u00fablica, transformaci\u00f3 o qualsevol altra activitat que es pugui realitzar amb els continguts de les seves p\u00e0gines web ni fins i tot citant les fonts, excepte consentiment per escrit d&#8217;Anna Bozzano.<\/p>\n\t\t\t\t\t\t<\/div>\n\t\t\t\t<\/div>\n\t\t\t\t<div class=\"elementor-element elementor-element-e60fbe5 elementor-widget elementor-widget-text-editor\" data-id=\"e60fbe5\" data-element_type=\"widget\" data-widget_type=\"text-editor.default\">\n\t\t\t\t<div class=\"elementor-widget-container\">\n\t\t\t\t\t\t\t<p><strong>CONTINGUT DE LA WEB I ENLLA\u00c7OS (LINKS)<\/strong><\/p>\n\t\t\t\t\t\t<\/div>\n\t\t\t\t<\/div>\n\t\t\t\t<div class=\"elementor-element elementor-element-af7c7a9 elementor-widget elementor-widget-text-editor\" data-id=\"af7c7a9\" data-element_type=\"widget\" data-widget_type=\"text-editor.default\">\n\t\t\t\t<div class=\"elementor-widget-container\">\n\t\t\t\t\t\t\t<p>Anna Bozzano es reserva el dret a actualitzar, modificar o eliminar la informaci\u00f3 continguda en les seves p\u00e0gines web podent fins i tot limitar o no permetre l&#8217;acc\u00e9s a aquesta informaci\u00f3 a uns certs usuaris. Documentaci\u00f3 LSSI-CE Anna Bozzano.<\/p>\n\t\t\t\t\t\t<\/div>\n\t\t\t\t<\/div>\n\t\t\t\t<div class=\"elementor-element elementor-element-351db09 elementor-widget elementor-widget-text-editor\" data-id=\"351db09\" data-element_type=\"widget\" data-widget_type=\"text-editor.default\">\n\t\t\t\t<div class=\"elementor-widget-container\">\n\t\t\t\t\t\t\t<p>Anna Bozzano no assumeix cap responsabilitat per la informaci\u00f3 continguda en p\u00e0gines web de tercers a les quals es pugui accedir per \u00ablinks\u00bb o enlla\u00e7os des de qualsevol p\u00e0gina web propietat d&#8217;Anna Bozzano. La pres\u00e8ncia de \u00ablinks\u00bb o enlla\u00e7os a les p\u00e0gines web d&#8217;Anna Bozzano t\u00e9 finalitat merament informativa i en cap cas suposa suggeriment, invitaci\u00f3 o recomanaci\u00f3 sobre aquests.<\/p>\n\t\t\t\t\t\t<\/div>\n\t\t\t\t<\/div>\n\t\t\t\t<div class=\"elementor-element elementor-element-1cfd4c9 elementor-widget elementor-widget-text-editor\" data-id=\"1cfd4c9\" data-element_type=\"widget\" data-widget_type=\"text-editor.default\">\n\t\t\t\t<div class=\"elementor-widget-container\">\n\t\t\t\t\t\t\t<p><strong>ACCESIBILITAT<\/strong><\/p>\n\t\t\t\t\t\t<\/div>\n\t\t\t\t<\/div>\n\t\t\t\t<div class=\"elementor-element elementor-element-58dda65 elementor-widget elementor-widget-text-editor\" data-id=\"58dda65\" data-element_type=\"widget\" data-widget_type=\"text-editor.default\">\n\t\t\t\t<div class=\"elementor-widget-container\">\n\t\t\t\t\t\t\t<p>Ens hem comprom\u00e8s a fer accessible el nostre lloc web complint el nivell AA de les Pautes WCAG-2.1.<br \/>La present declaraci\u00f3 d&#8217;accessibilitat s&#8217;aplica al present lloc web.<\/p>\n\t\t\t\t\t\t<\/div>\n\t\t\t\t<\/div>\n\t\t\t\t<div class=\"elementor-element elementor-element-887731d elementor-widget elementor-widget-text-editor\" data-id=\"887731d\" data-element_type=\"widget\" data-widget_type=\"text-editor.default\">\n\t\t\t\t<div class=\"elementor-widget-container\">\n\t\t\t\t\t\t\t<p><strong>Contingut no accessible<\/strong><\/p>\n\t\t\t\t\t\t<\/div>\n\t\t\t\t<\/div>\n\t\t\t\t<div class=\"elementor-element elementor-element-a5bfb28 elementor-widget elementor-widget-text-editor\" data-id=\"a5bfb28\" data-element_type=\"widget\" data-widget_type=\"text-editor.default\">\n\t\t\t\t<div class=\"elementor-widget-container\">\n\t\t\t\t\t\t\t<p>Podrien existir documents ofim\u00e0tics en PDF i altres formats publicats posteriorment al 20 de setembre de 2018 que no compleixin \u00edntegrament els requisits d&#8217;accessibilitat.<br \/>Podrien existir errors de codi puntuals d&#8217;edici\u00f3 en alguna p\u00e0gina web.<\/p>\n\t\t\t\t\t\t<\/div>\n\t\t\t\t<\/div>\n\t\t\t\t<div class=\"elementor-element elementor-element-e792c8b elementor-widget elementor-widget-text-editor\" data-id=\"e792c8b\" data-element_type=\"widget\" data-widget_type=\"text-editor.default\">\n\t\t\t\t<div class=\"elementor-widget-container\">\n\t\t\t\t\t\t\t<p><strong>Preparaci\u00f3 per a la seg\u00fcent declaraci\u00f3 d&#8217;accessibilitat<\/strong><\/p>\n\t\t\t\t\t\t<\/div>\n\t\t\t\t<\/div>\n\t\t\t\t<div class=\"elementor-element elementor-element-5eed614 elementor-widget elementor-widget-text-editor\" data-id=\"5eed614\" data-element_type=\"widget\" data-widget_type=\"text-editor.default\">\n\t\t\t\t<div class=\"elementor-widget-container\">\n\t\t\t\t\t\t\t<p>La present declaraci\u00f3 va ser preparada amb un m\u00e8tode d&#8217;autoavaluaci\u00f3 el 01 de febrer de 2023.<\/p>\n\t\t\t\t\t\t<\/div>\n\t\t\t\t<\/div>\n\t\t\t\t<div class=\"elementor-element elementor-element-fe693e1 elementor-widget elementor-widget-text-editor\" data-id=\"fe693e1\" data-element_type=\"widget\" data-widget_type=\"text-editor.default\">\n\t\t\t\t<div class=\"elementor-widget-container\">\n\t\t\t\t\t\t\t<p><strong>Observacions i dades de contacte<\/strong><\/p>\n\t\t\t\t\t\t<\/div>\n\t\t\t\t<\/div>\n\t\t\t\t<div class=\"elementor-element elementor-element-deed30f elementor-widget elementor-widget-text-editor\" data-id=\"deed30f\" data-element_type=\"widget\" data-widget_type=\"text-editor.default\">\n\t\t\t\t<div class=\"elementor-widget-container\">\n\t\t\t\t\t\t\t<p>Pot realitzar comunicacions sobre requisits d&#8217;accessibilitat a trav\u00e9s del formulari de contacte d&#8217;aquest lloc web o a trav\u00e9s del mail de contacte.<br \/>En la Sol\u00b7licitud d&#8217;informaci\u00f3 accessible, s&#8217;ha de concretar, amb tota claredat, els fets, raons i petici\u00f3 que permetin constatar que es tracta d&#8217;una sol\u00b7licitud raonable i leg\u00edtima.<br \/>Les aplicaci\u00f3 de les reclamacions sobre accessibilitat, es tindran en compte i possiblement quedaran aplicades en pr\u00f2ximes actualitzacions.<\/p>\n\t\t\t\t\t\t<\/div>\n\t\t\t\t<\/div>\n\t\t\t\t\t<\/div>\n\t\t<\/div>\n\t\t\t\t\t<\/div>\n\t\t<\/section>\n\t\t\t\t<\/div>\n\t\t","protected":false},"excerpt":{"rendered":"<p>En compliment de l&#8217;article 10 de la Llei 34\/2002, d&#8217;11 de juliol, de Serveis de la Societat de la Informaci\u00f3 i Comer\u00e7 Electr\u00f2nic (LSSI-CE) a continuaci\u00f3 es detallen les dades identificatives de l&#8217;empresa: NOMNom: Anna BozzanoDNI:&nbsp;X1711124QDirecci\u00f3: Moll de Pescadors s\/n, 08039 BarcelonaTel\u00e8fon: 620 723 365Email: hola@delpeixalplat.com FINALITAT DE LA P\u00c0GINA WEB La finalitat d&#8217;aquesta web [&hellip;]<\/p>\n","protected":false},"author":1,"featured_media":0,"parent":0,"menu_order":0,"comment_status":"closed","ping_status":"closed","template":"","meta":{"_acf_changed":false,"_monsterinsights_skip_tracking":false,"_monsterinsights_sitenote_active":false,"_monsterinsights_sitenote_note":"","_monsterinsights_sitenote_category":0,"footnotes":""},"class_list":["post-2272","page","type-page","status-publish","hentry"],"acf":[],"yoast_head":"<!-- This site is optimized with the Yoast SEO plugin v23.7 - https:\/\/yoast.com\/wordpress\/plugins\/seo\/ -->\n<title>Av\u00eds legal - Del peix al plat<\/title>\n<meta name=\"robots\" content=\"noindex, nofollow\" \/>\n<meta property=\"og:locale\" content=\"ca_ES\" \/>\n<meta property=\"og:type\" content=\"article\" \/>\n<meta property=\"og:title\" content=\"Av\u00eds legal - Del peix al plat\" \/>\n<meta property=\"og:description\" content=\"En compliment de l&#8217;article 10 de la Llei 34\/2002, d&#8217;11 de juliol, de Serveis de la Societat de la Informaci\u00f3 i Comer\u00e7 Electr\u00f2nic (LSSI-CE) a continuaci\u00f3 es detallen les dades identificatives de l&#8217;empresa: NOMNom: Anna BozzanoDNI:&nbsp;X1711124QDirecci\u00f3: Moll de Pescadors s\/n, 08039 BarcelonaTel\u00e8fon: 620 723 365Email: hola@delpeixalplat.com FINALITAT DE LA P\u00c0GINA WEB La finalitat d&#8217;aquesta web [&hellip;]\" \/>\n<meta property=\"og:url\" content=\"https:\/\/delpeixalplat.com\/ca\/avis-legal\/\" \/>\n<meta property=\"og:site_name\" content=\"Del peix al plat\" \/>\n<meta property=\"article:modified_time\" content=\"2023-12-18T17:12:13+00:00\" \/>\n<meta name=\"twitter:card\" content=\"summary_large_image\" \/>\n<meta name=\"twitter:label1\" content=\"Temps estimat de lectura\" \/>\n\t<meta name=\"twitter:data1\" content=\"3 minuts\" \/>\n<script type=\"application\/ld+json\" class=\"yoast-schema-graph\">{\"@context\":\"https:\/\/schema.org\",\"@graph\":[{\"@type\":\"WebPage\",\"@id\":\"https:\/\/delpeixalplat.com\/ca\/avis-legal\/\",\"url\":\"https:\/\/delpeixalplat.com\/ca\/avis-legal\/\",\"name\":\"Av\u00eds legal - Del peix al plat\",\"isPartOf\":{\"@id\":\"https:\/\/delpeixalplat.com\/ca\/#website\"},\"datePublished\":\"2023-11-23T10:02:51+00:00\",\"dateModified\":\"2023-12-18T17:12:13+00:00\",\"breadcrumb\":{\"@id\":\"https:\/\/delpeixalplat.com\/ca\/avis-legal\/#breadcrumb\"},\"inLanguage\":\"ca\",\"potentialAction\":[{\"@type\":\"ReadAction\",\"target\":[\"https:\/\/delpeixalplat.com\/ca\/avis-legal\/\"]}]},{\"@type\":\"BreadcrumbList\",\"@id\":\"https:\/\/delpeixalplat.com\/ca\/avis-legal\/#breadcrumb\",\"itemListElement\":[{\"@type\":\"ListItem\",\"position\":1,\"name\":\"Portada\",\"item\":\"https:\/\/delpeixalplat.com\/ca\/\"},{\"@type\":\"ListItem\",\"position\":2,\"name\":\"Av\u00eds legal\"}]},{\"@type\":\"WebSite\",\"@id\":\"https:\/\/delpeixalplat.com\/ca\/#website\",\"url\":\"https:\/\/delpeixalplat.com\/ca\/\",\"name\":\"Del peix al plat\",\"description\":\"\",\"publisher\":{\"@id\":\"https:\/\/delpeixalplat.com\/ca\/#organization\"},\"potentialAction\":[{\"@type\":\"SearchAction\",\"target\":{\"@type\":\"EntryPoint\",\"urlTemplate\":\"https:\/\/delpeixalplat.com\/ca\/?s={search_term_string}\"},\"query-input\":{\"@type\":\"PropertyValueSpecification\",\"valueRequired\":true,\"valueName\":\"search_term_string\"}}],\"inLanguage\":\"ca\"},{\"@type\":\"Organization\",\"@id\":\"https:\/\/delpeixalplat.com\/ca\/#organization\",\"name\":\"Del peix al plat\",\"url\":\"https:\/\/delpeixalplat.com\/ca\/\",\"logo\":{\"@type\":\"ImageObject\",\"inLanguage\":\"ca\",\"@id\":\"https:\/\/delpeixalplat.com\/ca\/#\/schema\/logo\/image\/\",\"url\":\"https:\/\/delpeixalplat.com\/wp-content\/uploads\/2023\/09\/logo-el-peix-al-plat3-v2.png\",\"contentUrl\":\"https:\/\/delpeixalplat.com\/wp-content\/uploads\/2023\/09\/logo-el-peix-al-plat3-v2.png\",\"width\":240,\"height\":225,\"caption\":\"Del peix al plat\"},\"image\":{\"@id\":\"https:\/\/delpeixalplat.com\/ca\/#\/schema\/logo\/image\/\"}}]}<\/script>\n<!-- \/ Yoast SEO plugin. -->","yoast_head_json":{"title":"Av\u00eds legal - Del peix al plat","robots":{"index":"noindex","follow":"nofollow"},"og_locale":"ca_ES","og_type":"article","og_title":"Av\u00eds legal - Del peix al plat","og_description":"En compliment de l&#8217;article 10 de la Llei 34\/2002, d&#8217;11 de juliol, de Serveis de la Societat de la Informaci\u00f3 i Comer\u00e7 Electr\u00f2nic (LSSI-CE) a continuaci\u00f3 es detallen les dades identificatives de l&#8217;empresa: NOMNom: Anna BozzanoDNI:&nbsp;X1711124QDirecci\u00f3: Moll de Pescadors s\/n, 08039 BarcelonaTel\u00e8fon: 620 723 365Email: hola@delpeixalplat.com FINALITAT DE LA P\u00c0GINA WEB La finalitat d&#8217;aquesta web [&hellip;]","og_url":"https:\/\/delpeixalplat.com\/ca\/avis-legal\/","og_site_name":"Del peix al plat","article_modified_time":"2023-12-18T17:12:13+00:00","twitter_card":"summary_large_image","twitter_misc":{"Temps estimat de lectura":"3 minuts"},"schema":{"@context":"https:\/\/schema.org","@graph":[{"@type":"WebPage","@id":"https:\/\/delpeixalplat.com\/ca\/avis-legal\/","url":"https:\/\/delpeixalplat.com\/ca\/avis-legal\/","name":"Av\u00eds legal - Del peix al plat","isPartOf":{"@id":"https:\/\/delpeixalplat.com\/ca\/#website"},"datePublished":"2023-11-23T10:02:51+00:00","dateModified":"2023-12-18T17:12:13+00:00","breadcrumb":{"@id":"https:\/\/delpeixalplat.com\/ca\/avis-legal\/#breadcrumb"},"inLanguage":"ca","potentialAction":[{"@type":"ReadAction","target":["https:\/\/delpeixalplat.com\/ca\/avis-legal\/"]}]},{"@type":"BreadcrumbList","@id":"https:\/\/delpeixalplat.com\/ca\/avis-legal\/#breadcrumb","itemListElement":[{"@type":"ListItem","position":1,"name":"Portada","item":"https:\/\/delpeixalplat.com\/ca\/"},{"@type":"ListItem","position":2,"name":"Av\u00eds legal"}]},{"@type":"WebSite","@id":"https:\/\/delpeixalplat.com\/ca\/#website","url":"https:\/\/delpeixalplat.com\/ca\/","name":"Del peix al plat","description":"","publisher":{"@id":"https:\/\/delpeixalplat.com\/ca\/#organization"},"potentialAction":[{"@type":"SearchAction","target":{"@type":"EntryPoint","urlTemplate":"https:\/\/delpeixalplat.com\/ca\/?s={search_term_string}"},"query-input":{"@type":"PropertyValueSpecification","valueRequired":true,"valueName":"search_term_string"}}],"inLanguage":"ca"},{"@type":"Organization","@id":"https:\/\/delpeixalplat.com\/ca\/#organization","name":"Del peix al plat","url":"https:\/\/delpeixalplat.com\/ca\/","logo":{"@type":"ImageObject","inLanguage":"ca","@id":"https:\/\/delpeixalplat.com\/ca\/#\/schema\/logo\/image\/","url":"https:\/\/delpeixalplat.com\/wp-content\/uploads\/2023\/09\/logo-el-peix-al-plat3-v2.png","contentUrl":"https:\/\/delpeixalplat.com\/wp-content\/uploads\/2023\/09\/logo-el-peix-al-plat3-v2.png","width":240,"height":225,"caption":"Del peix al plat"},"image":{"@id":"https:\/\/delpeixalplat.com\/ca\/#\/schema\/logo\/image\/"}}]}},"_links":{"self":[{"href":"https:\/\/delpeixalplat.com\/ca\/wp-json\/wp\/v2\/pages\/2272"}],"collection":[{"href":"https:\/\/delpeixalplat.com\/ca\/wp-json\/wp\/v2\/pages"}],"about":[{"href":"https:\/\/delpeixalplat.com\/ca\/wp-json\/wp\/v2\/types\/page"}],"author":[{"embeddable":true,"href":"https:\/\/delpeixalplat.com\/ca\/wp-json\/wp\/v2\/users\/1"}],"replies":[{"embeddable":true,"href":"https:\/\/delpeixalplat.com\/ca\/wp-json\/wp\/v2\/comments?post=2272"}],"version-history":[{"count":1,"href":"https:\/\/delpeixalplat.com\/ca\/wp-json\/wp\/v2\/pages\/2272\/revisions"}],"predecessor-version":[{"id":2273,"href":"https:\/\/delpeixalplat.com\/ca\/wp-json\/wp\/v2\/pages\/2272\/revisions\/2273"}],"wp:attachment":[{"href":"https:\/\/delpeixalplat.com\/ca\/wp-json\/wp\/v2\/media?parent=2272"}],"curies":[{"name":"wp","href":"https:\/\/api.w.org\/{rel}","templated":true}]}}