{"id":2562,"date":"2023-11-23T12:16:09","date_gmt":"2023-11-23T10:16:09","guid":{"rendered":"https:\/\/delpeixalplat.com\/privacy-policy\/"},"modified":"2024-01-05T13:12:15","modified_gmt":"2024-01-05T11:12:15","slug":"privacy-policy","status":"publish","type":"page","link":"https:\/\/delpeixalplat.com\/en\/privacy-policy\/","title":{"rendered":"Privacy Policy"},"content":{"rendered":"\t\t<div data-elementor-type=\"wp-page\" data-elementor-id=\"2562\" class=\"elementor elementor-2562 elementor-1417\">\n\t\t\t\t\t\t<section class=\"elementor-section elementor-top-section elementor-element elementor-element-527bffb wrapper-smaller elementor-section-boxed elementor-section-height-default elementor-section-height-default\" data-id=\"527bffb\" data-element_type=\"section\">\n\t\t\t\t\t\t<div class=\"elementor-container elementor-column-gap-default\">\n\t\t\t\t\t<div class=\"elementor-column elementor-col-100 elementor-top-column elementor-element elementor-element-3cb297b\" data-id=\"3cb297b\" data-element_type=\"column\">\n\t\t\t<div class=\"elementor-widget-wrap elementor-element-populated\">\n\t\t\t\t\t\t<div class=\"elementor-element elementor-element-b3ea360 elementor-widget elementor-widget-text-editor\" data-id=\"b3ea360\" data-element_type=\"widget\" data-widget_type=\"text-editor.default\">\n\t\t\t\t<div class=\"elementor-widget-container\">\n\t\t\t\t\t\t\t<p>For the purposes of the provisions of Regulation (EU) 2016\/679 of April 27, 2016, Anna Bozzano with NIF X1711124Q informs the User that their personal data will be processed in order to provide them with the requested services and send them information about our company that may be of interest to you.<\/p>\n\t\t\t\t\t\t<\/div>\n\t\t\t\t<\/div>\n\t\t\t\t<div class=\"elementor-element elementor-element-74b811f elementor-widget elementor-widget-text-editor\" data-id=\"74b811f\" data-element_type=\"widget\" data-widget_type=\"text-editor.default\">\n\t\t\t\t<div class=\"elementor-widget-container\">\n\t\t\t\t\t\t\t<p><strong>SENDING AND REGISTRATION OF PERSONAL DATA<\/strong><\/p>\n\t\t\t\t\t\t<\/div>\n\t\t\t\t<\/div>\n\t\t\t\t<div class=\"elementor-element elementor-element-8df981f elementor-widget elementor-widget-text-editor\" data-id=\"8df981f\" data-element_type=\"widget\" data-widget_type=\"text-editor.default\">\n\t\t\t\t<div class=\"elementor-widget-container\">\n\t\t\t\t\t\t\t<p>Sending personal data is mandatory to contact and receive information about the services provided by Anna Bozzano. Likewise, not providing the requested personal data or not accepting this data protection policy means it will be impossible to subscribe, register or receive information about these services.<\/p>\n\t\t\t\t\t\t<\/div>\n\t\t\t\t<\/div>\n\t\t\t\t<div class=\"elementor-element elementor-element-8d2ef47 elementor-widget elementor-widget-text-editor\" data-id=\"8d2ef47\" data-element_type=\"widget\" data-widget_type=\"text-editor.default\">\n\t\t\t\t<div class=\"elementor-widget-container\">\n\t\t\t\t\t\t\t<p>When personal data is obtained from the User through electronic communications networks or within the framework of the provision of an information society service, as well as in those other cases expressly established by law or when authorized. the Spanish Data Protection Agency, the data controller may comply with the duty of information established in article 13 of Regulation (EU) 2016\/679 by providing the affected party with at least the following basic information:<\/p>\n\t\t\t\t\t\t<\/div>\n\t\t\t\t<\/div>\n\t\t\t\t<div class=\"elementor-element elementor-element-3e3d80d elementor-widget elementor-widget-text-editor\" data-id=\"3e3d80d\" data-element_type=\"widget\" data-widget_type=\"text-editor.default\">\n\t\t\t\t<div class=\"elementor-widget-container\">\n\t\t\t\t\t\t\t<p>a) La identidad del responsable del tratamiento y de su representante, en su caso.<br \/>b) The purpose of the treatment.<br \/>c) The way in which the affected person may exercise the rights established in articles 15 to 22 of Regulation (EU) 2016\/679.<\/p>\n\t\t\t\t\t\t<\/div>\n\t\t\t\t<\/div>\n\t\t\t\t<div class=\"elementor-element elementor-element-e97f99b elementor-widget elementor-widget-text-editor\" data-id=\"e97f99b\" data-element_type=\"widget\" data-widget_type=\"text-editor.default\">\n\t\t\t\t<div class=\"elementor-widget-container\">\n\t\t\t\t\t\t\t<p>However, those responsible and in charge of the treatment or, where appropriate, their representatives must maintain the record of treatment activities referred to in article 30 of Regulation (EU) 2016\/679, unless the company or organization occupies less than 250 people, with the exception that the processing carried out may entail a risk for the rights and freedoms of the interested parties, is not occasional, or includes special categories of personal data indicated in article 9, paragraph 1, or personal data relating to convictions and criminal offenses referred to in article 10 of Regulation (EU) 2016\/679.<\/p>\n\t\t\t\t\t\t<\/div>\n\t\t\t\t<\/div>\n\t\t\t\t<div class=\"elementor-element elementor-element-f2e4e18 elementor-widget elementor-widget-text-editor\" data-id=\"f2e4e18\" data-element_type=\"widget\" data-widget_type=\"text-editor.default\">\n\t\t\t\t<div class=\"elementor-widget-container\">\n\t\t\t\t\t\t\t<p>Finally, article 5.1.f) of Regulation (EU) 2016\/679 determines the need to establish adequate security guarantees against unauthorized or illicit processing, loss of personal data, destruction or accidental damage. This implies the establishment of technical and organizational measures aimed at ensuring the integrity and confidentiality of personal data and the possibility (article 5.2) of demonstrating that these measures have been put into practice (proactive responsibility).<\/p>\n\t\t\t\t\t\t<\/div>\n\t\t\t\t<\/div>\n\t\t\t\t<div class=\"elementor-element elementor-element-167df39 elementor-widget elementor-widget-text-editor\" data-id=\"167df39\" data-element_type=\"widget\" data-widget_type=\"text-editor.default\">\n\t\t\t\t<div class=\"elementor-widget-container\">\n\t\t\t\t\t\t\t<p><strong>ACCURACY AND TRUTHFULNESS OF THE DATA PROVIDED<\/strong><\/p>\n\t\t\t\t\t\t<\/div>\n\t\t\t\t<\/div>\n\t\t\t\t<div class=\"elementor-element elementor-element-56d8161 elementor-widget elementor-widget-text-editor\" data-id=\"56d8161\" data-element_type=\"widget\" data-widget_type=\"text-editor.default\">\n\t\t\t\t<div class=\"elementor-widget-container\">\n\t\t\t\t\t\t\t<p>The User who sends the information to Anna Bozzano is solely responsible for the veracity and correctness of the data included, exonerating Anna Bozzano from any responsibility in this regard.<\/p>\n\t\t\t\t\t\t<\/div>\n\t\t\t\t<\/div>\n\t\t\t\t<div class=\"elementor-element elementor-element-a31c956 elementor-widget elementor-widget-text-editor\" data-id=\"a31c956\" data-element_type=\"widget\" data-widget_type=\"text-editor.default\">\n\t\t\t\t<div class=\"elementor-widget-container\">\n\t\t\t\t\t\t\t<p>Users guarantee and are responsible, in any case, for the accuracy, validity and authenticity of the personal data provided, committing to keep them duly updated. The User agrees to provide complete and correct information in the registration or subscription form.<\/p>\n\t\t\t\t\t\t<\/div>\n\t\t\t\t<\/div>\n\t\t\t\t<div class=\"elementor-element elementor-element-d68095e elementor-widget elementor-widget-text-editor\" data-id=\"d68095e\" data-element_type=\"widget\" data-widget_type=\"text-editor.default\">\n\t\t\t\t<div class=\"elementor-widget-container\">\n\t\t\t\t\t\t\t<p>Anna Bozzano is not responsible for the veracity of information that is not of her own creation and for which another source is indicated, and therefore does not assume any responsibility for hypothetical damages that may arise from the use of this information. Anna Bozzano is exonerated from liability for any damage or harm that the User may suffer as a result of errors, defects or omissions in the information provided by Anna Bozzano, provided that it comes from sources other than Anna Bozzano.<\/p>\n\t\t\t\t\t\t<\/div>\n\t\t\t\t<\/div>\n\t\t\t\t<div class=\"elementor-element elementor-element-be9c7f0 elementor-widget elementor-widget-text-editor\" data-id=\"be9c7f0\" data-element_type=\"widget\" data-widget_type=\"text-editor.default\">\n\t\t\t\t<div class=\"elementor-widget-container\">\n\t\t\t\t\t\t\t<p><strong>TRANSFER OF DATA TO THIRD PARTIES<\/strong><\/p>\n\t\t\t\t\t\t<\/div>\n\t\t\t\t<\/div>\n\t\t\t\t<div class=\"elementor-element elementor-element-8852900 elementor-widget elementor-widget-text-editor\" data-id=\"8852900\" data-element_type=\"widget\" data-widget_type=\"text-editor.default\">\n\t\t\t\t<div class=\"elementor-widget-container\">\n\t\t\t\t\t\t\t<p>Anna Bozzano will not transfer your personal data to third parties. Sin embargo, en el caso de ser cedidos a alg\u00fan tercero se producir\u00eda una informaci\u00f3n previa solicitando el consentimiento expreso del afectado en virtud del art\u00edculo 4.11 del Reglamento (UE) 2016\/679 de 27 de abril de 2016.<\/p>\n\t\t\t\t\t\t<\/div>\n\t\t\t\t<\/div>\n\t\t\t\t<div class=\"elementor-element elementor-element-48775aa elementor-widget elementor-widget-text-editor\" data-id=\"48775aa\" data-element_type=\"widget\" data-widget_type=\"text-editor.default\">\n\t\t\t\t<div class=\"elementor-widget-container\">\n\t\t\t\t\t\t\t<p><strong>DATA CONSERVATION<\/strong><\/p>\n\t\t\t\t\t\t<\/div>\n\t\t\t\t<\/div>\n\t\t\t\t<div class=\"elementor-element elementor-element-8800019 elementor-widget elementor-widget-text-editor\" data-id=\"8800019\" data-element_type=\"widget\" data-widget_type=\"text-editor.default\">\n\t\t\t\t<div class=\"elementor-widget-container\">\n\t\t\t\t\t\t\t<p>In any case, the conservation time will be essential, and can be maintained as a minimum:<\/p>\n\t\t\t\t\t\t<\/div>\n\t\t\t\t<\/div>\n\t\t\t\t<div class=\"elementor-element elementor-element-08bfa6c elementor-widget elementor-widget-text-editor\" data-id=\"08bfa6c\" data-element_type=\"widget\" data-widget_type=\"text-editor.default\">\n\t\t\t\t<div class=\"elementor-widget-container\">\n\t\t\t\t\t\t\t<p>4 years: Law on infractions and sanctions in the social order (obligations regarding membership, registrations, cancellations, contributions, payment of salaries&#8230;); Arts. 66 y s. General tax law (accounting books&#8230;)<br \/>5 years: Art. 1964 Civil Code (personal actions without special deadline)<br \/>6 years: Art. 30 Commercial Code (accounting books, invoices&#8230;)<br \/>10 years: Art. 25 Law on Prevention of Money Laundering and Financing of Terrorism.<\/p>\n\t\t\t\t\t\t<\/div>\n\t\t\t\t<\/div>\n\t\t\t\t<div class=\"elementor-element elementor-element-b3c3c39 elementor-widget elementor-widget-text-editor\" data-id=\"b3c3c39\" data-element_type=\"widget\" data-widget_type=\"text-editor.default\">\n\t\t\t\t<div class=\"elementor-widget-container\">\n\t\t\t\t\t\t\t<p><strong>EXERCISE OF RIGHTS OF ACCESS, RECTIFICATION, DELETION, LIMITATION, PORTABILITY AND OPPOSITION<\/strong><\/p>\n\t\t\t\t\t\t<\/div>\n\t\t\t\t<\/div>\n\t\t\t\t<div class=\"elementor-element elementor-element-7e3f843 elementor-widget elementor-widget-text-editor\" data-id=\"7e3f843\" data-element_type=\"widget\" data-widget_type=\"text-editor.default\">\n\t\t\t\t<div class=\"elementor-widget-container\">\n\t\t\t\t\t\t\t<p>You may direct your communications and exercise your rights of access, rectification, deletion, limitation, portability and opposition through postal mail at Moll de Pescadors s\/n, 08039 Barcelona or by email hola@delpeixalplat.com along with legally valid proof. , as a photocopy of the D.N.I. and indicating in the subject \u201cDATA PROTECTION\u201d.<\/p>\n\t\t\t\t\t\t<\/div>\n\t\t\t\t<\/div>\n\t\t\t\t<div class=\"elementor-element elementor-element-45ff3db elementor-widget elementor-widget-text-editor\" data-id=\"45ff3db\" data-element_type=\"widget\" data-widget_type=\"text-editor.default\">\n\t\t\t\t<div class=\"elementor-widget-container\">\n\t\t\t\t\t\t\t<p><strong>ACCEPTANCE AND CONSENT<\/strong><\/p>\n\t\t\t\t\t\t<\/div>\n\t\t\t\t<\/div>\n\t\t\t\t<div class=\"elementor-element elementor-element-7993e63 elementor-widget elementor-widget-text-editor\" data-id=\"7993e63\" data-element_type=\"widget\" data-widget_type=\"text-editor.default\">\n\t\t\t\t<div class=\"elementor-widget-container\">\n\t\t\t\t\t\t\t<p>The User declares to have been informed of the conditions on the protection of personal data, accepting and consenting to the processing thereof by Anna Bozzano, in the manner and for the purposes indicated in this Personal Data Protection Policy.<\/p>\n\t\t\t\t\t\t<\/div>\n\t\t\t\t<\/div>\n\t\t\t\t\t<\/div>\n\t\t<\/div>\n\t\t\t\t\t<\/div>\n\t\t<\/section>\n\t\t\t\t<\/div>\n\t\t","protected":false},"excerpt":{"rendered":"<p>For the purposes of the provisions of Regulation (EU) 2016\/679 of April 27, 2016, Anna Bozzano with NIF X1711124Q informs the User that their personal data will be processed in order to provide them with the requested services and send them information about our company that may be of interest to you. SENDING AND REGISTRATION [&hellip;]<\/p>\n","protected":false},"author":1,"featured_media":0,"parent":0,"menu_order":0,"comment_status":"closed","ping_status":"closed","template":"","meta":{"_acf_changed":false,"_monsterinsights_skip_tracking":false,"_monsterinsights_sitenote_active":false,"_monsterinsights_sitenote_note":"","_monsterinsights_sitenote_category":0,"footnotes":""},"class_list":["post-2562","page","type-page","status-publish","hentry"],"acf":[],"yoast_head":"<!-- This site is optimized with the Yoast SEO plugin v23.7 - https:\/\/yoast.com\/wordpress\/plugins\/seo\/ -->\n<title>Privacy Policy - Del peix al plat<\/title>\n<meta name=\"robots\" content=\"noindex, nofollow\" \/>\n<meta property=\"og:locale\" content=\"en_US\" \/>\n<meta property=\"og:type\" content=\"article\" \/>\n<meta property=\"og:title\" content=\"Privacy Policy - Del peix al plat\" \/>\n<meta property=\"og:description\" content=\"For the purposes of the provisions of Regulation (EU) 2016\/679 of April 27, 2016, Anna Bozzano with NIF X1711124Q informs the User that their personal data will be processed in order to provide them with the requested services and send them information about our company that may be of interest to you. SENDING AND REGISTRATION [&hellip;]\" \/>\n<meta property=\"og:url\" content=\"https:\/\/delpeixalplat.com\/en\/privacy-policy\/\" \/>\n<meta property=\"og:site_name\" content=\"Del peix al plat\" \/>\n<meta property=\"article:modified_time\" content=\"2024-01-05T11:12:15+00:00\" \/>\n<meta name=\"twitter:card\" content=\"summary_large_image\" \/>\n<meta name=\"twitter:label1\" content=\"Est. reading time\" \/>\n\t<meta name=\"twitter:data1\" content=\"4 minutes\" \/>\n<script type=\"application\/ld+json\" class=\"yoast-schema-graph\">{\"@context\":\"https:\/\/schema.org\",\"@graph\":[{\"@type\":\"WebPage\",\"@id\":\"https:\/\/delpeixalplat.com\/en\/privacy-policy\/\",\"url\":\"https:\/\/delpeixalplat.com\/en\/privacy-policy\/\",\"name\":\"Privacy Policy - Del peix al plat\",\"isPartOf\":{\"@id\":\"https:\/\/delpeixalplat.com\/en\/#website\"},\"datePublished\":\"2023-11-23T10:16:09+00:00\",\"dateModified\":\"2024-01-05T11:12:15+00:00\",\"breadcrumb\":{\"@id\":\"https:\/\/delpeixalplat.com\/en\/privacy-policy\/#breadcrumb\"},\"inLanguage\":\"en-US\",\"potentialAction\":[{\"@type\":\"ReadAction\",\"target\":[\"https:\/\/delpeixalplat.com\/en\/privacy-policy\/\"]}]},{\"@type\":\"BreadcrumbList\",\"@id\":\"https:\/\/delpeixalplat.com\/en\/privacy-policy\/#breadcrumb\",\"itemListElement\":[{\"@type\":\"ListItem\",\"position\":1,\"name\":\"Portada\",\"item\":\"https:\/\/delpeixalplat.com\/en\/\"},{\"@type\":\"ListItem\",\"position\":2,\"name\":\"Privacy Policy\"}]},{\"@type\":\"WebSite\",\"@id\":\"https:\/\/delpeixalplat.com\/en\/#website\",\"url\":\"https:\/\/delpeixalplat.com\/en\/\",\"name\":\"Del peix al plat\",\"description\":\"\",\"publisher\":{\"@id\":\"https:\/\/delpeixalplat.com\/en\/#organization\"},\"potentialAction\":[{\"@type\":\"SearchAction\",\"target\":{\"@type\":\"EntryPoint\",\"urlTemplate\":\"https:\/\/delpeixalplat.com\/en\/?s={search_term_string}\"},\"query-input\":{\"@type\":\"PropertyValueSpecification\",\"valueRequired\":true,\"valueName\":\"search_term_string\"}}],\"inLanguage\":\"en-US\"},{\"@type\":\"Organization\",\"@id\":\"https:\/\/delpeixalplat.com\/en\/#organization\",\"name\":\"Del peix al plat\",\"url\":\"https:\/\/delpeixalplat.com\/en\/\",\"logo\":{\"@type\":\"ImageObject\",\"inLanguage\":\"en-US\",\"@id\":\"https:\/\/delpeixalplat.com\/en\/#\/schema\/logo\/image\/\",\"url\":\"https:\/\/delpeixalplat.com\/wp-content\/uploads\/2023\/09\/logo-el-peix-al-plat3-v2.png\",\"contentUrl\":\"https:\/\/delpeixalplat.com\/wp-content\/uploads\/2023\/09\/logo-el-peix-al-plat3-v2.png\",\"width\":240,\"height\":225,\"caption\":\"Del peix al plat\"},\"image\":{\"@id\":\"https:\/\/delpeixalplat.com\/en\/#\/schema\/logo\/image\/\"}}]}<\/script>\n<!-- \/ Yoast SEO plugin. -->","yoast_head_json":{"title":"Privacy Policy - Del peix al plat","robots":{"index":"noindex","follow":"nofollow"},"og_locale":"en_US","og_type":"article","og_title":"Privacy Policy - Del peix al plat","og_description":"For the purposes of the provisions of Regulation (EU) 2016\/679 of April 27, 2016, Anna Bozzano with NIF X1711124Q informs the User that their personal data will be processed in order to provide them with the requested services and send them information about our company that may be of interest to you. SENDING AND REGISTRATION [&hellip;]","og_url":"https:\/\/delpeixalplat.com\/en\/privacy-policy\/","og_site_name":"Del peix al plat","article_modified_time":"2024-01-05T11:12:15+00:00","twitter_card":"summary_large_image","twitter_misc":{"Est. reading time":"4 minutes"},"schema":{"@context":"https:\/\/schema.org","@graph":[{"@type":"WebPage","@id":"https:\/\/delpeixalplat.com\/en\/privacy-policy\/","url":"https:\/\/delpeixalplat.com\/en\/privacy-policy\/","name":"Privacy Policy - Del peix al plat","isPartOf":{"@id":"https:\/\/delpeixalplat.com\/en\/#website"},"datePublished":"2023-11-23T10:16:09+00:00","dateModified":"2024-01-05T11:12:15+00:00","breadcrumb":{"@id":"https:\/\/delpeixalplat.com\/en\/privacy-policy\/#breadcrumb"},"inLanguage":"en-US","potentialAction":[{"@type":"ReadAction","target":["https:\/\/delpeixalplat.com\/en\/privacy-policy\/"]}]},{"@type":"BreadcrumbList","@id":"https:\/\/delpeixalplat.com\/en\/privacy-policy\/#breadcrumb","itemListElement":[{"@type":"ListItem","position":1,"name":"Portada","item":"https:\/\/delpeixalplat.com\/en\/"},{"@type":"ListItem","position":2,"name":"Privacy Policy"}]},{"@type":"WebSite","@id":"https:\/\/delpeixalplat.com\/en\/#website","url":"https:\/\/delpeixalplat.com\/en\/","name":"Del peix al plat","description":"","publisher":{"@id":"https:\/\/delpeixalplat.com\/en\/#organization"},"potentialAction":[{"@type":"SearchAction","target":{"@type":"EntryPoint","urlTemplate":"https:\/\/delpeixalplat.com\/en\/?s={search_term_string}"},"query-input":{"@type":"PropertyValueSpecification","valueRequired":true,"valueName":"search_term_string"}}],"inLanguage":"en-US"},{"@type":"Organization","@id":"https:\/\/delpeixalplat.com\/en\/#organization","name":"Del peix al plat","url":"https:\/\/delpeixalplat.com\/en\/","logo":{"@type":"ImageObject","inLanguage":"en-US","@id":"https:\/\/delpeixalplat.com\/en\/#\/schema\/logo\/image\/","url":"https:\/\/delpeixalplat.com\/wp-content\/uploads\/2023\/09\/logo-el-peix-al-plat3-v2.png","contentUrl":"https:\/\/delpeixalplat.com\/wp-content\/uploads\/2023\/09\/logo-el-peix-al-plat3-v2.png","width":240,"height":225,"caption":"Del peix al plat"},"image":{"@id":"https:\/\/delpeixalplat.com\/en\/#\/schema\/logo\/image\/"}}]}},"_links":{"self":[{"href":"https:\/\/delpeixalplat.com\/en\/wp-json\/wp\/v2\/pages\/2562"}],"collection":[{"href":"https:\/\/delpeixalplat.com\/en\/wp-json\/wp\/v2\/pages"}],"about":[{"href":"https:\/\/delpeixalplat.com\/en\/wp-json\/wp\/v2\/types\/page"}],"author":[{"embeddable":true,"href":"https:\/\/delpeixalplat.com\/en\/wp-json\/wp\/v2\/users\/1"}],"replies":[{"embeddable":true,"href":"https:\/\/delpeixalplat.com\/en\/wp-json\/wp\/v2\/comments?post=2562"}],"version-history":[{"count":3,"href":"https:\/\/delpeixalplat.com\/en\/wp-json\/wp\/v2\/pages\/2562\/revisions"}],"predecessor-version":[{"id":2565,"href":"https:\/\/delpeixalplat.com\/en\/wp-json\/wp\/v2\/pages\/2562\/revisions\/2565"}],"wp:attachment":[{"href":"https:\/\/delpeixalplat.com\/en\/wp-json\/wp\/v2\/media?parent=2562"}],"curies":[{"name":"wp","href":"https:\/\/api.w.org\/{rel}","templated":true}]}}